{"id":4349,"date":"2023-05-25T03:30:28","date_gmt":"2023-05-25T07:30:28","guid":{"rendered":"https:\/\/creativeformplastics.com\/capacites-cnc\/"},"modified":"2023-07-03T09:43:43","modified_gmt":"2023-07-03T13:43:43","slug":"capacites-cnc","status":"publish","type":"page","link":"https:\/\/creativeformplastics.com\/fr\/capacites-cnc\/","title":{"rendered":"Capacit\u00e9s CNC"},"content":{"rendered":"\t\t<div data-elementor-type=\"wp-page\" data-elementor-id=\"4349\" class=\"elementor elementor-4349 elementor-2503\" data-elementor-post-type=\"page\">\n\t\t\t\t\t\t\t\t\t<section class=\"elementor-section elementor-top-section elementor-element elementor-element-f946220 elementor-section-content-middle hero-sec elementor-section-boxed elementor-section-height-default elementor-section-height-default\" data-id=\"f946220\" data-element_type=\"section\" data-settings=\"{&quot;background_background&quot;:&quot;classic&quot;}\">\n\t\t\t\t\t\t<div class=\"elementor-container elementor-column-gap-default\">\n\t\t\t\t\t<div class=\"elementor-column elementor-col-100 elementor-top-column elementor-element elementor-element-9e03a05\" data-id=\"9e03a05\" data-element_type=\"column\">\n\t\t\t<div class=\"elementor-widget-wrap elementor-element-populated\">\n\t\t\t\t\t\t\t\t<div class=\"elementor-element elementor-element-2af5859 elementor-widget elementor-widget-heading\" data-id=\"2af5859\" data-element_type=\"widget\" data-widget_type=\"heading.default\">\n\t\t\t\t<div class=\"elementor-widget-container\">\n\t\t\t<style>\/*! elementor - v3.14.0 - 26-06-2023 *\/\n.elementor-heading-title{padding:0;margin:0;line-height:1}.elementor-widget-heading .elementor-heading-title[class*=elementor-size-]>a{color:inherit;font-size:inherit;line-height:inherit}.elementor-widget-heading .elementor-heading-title.elementor-size-small{font-size:15px}.elementor-widget-heading .elementor-heading-title.elementor-size-medium{font-size:19px}.elementor-widget-heading .elementor-heading-title.elementor-size-large{font-size:29px}.elementor-widget-heading .elementor-heading-title.elementor-size-xl{font-size:39px}.elementor-widget-heading .elementor-heading-title.elementor-size-xxl{font-size:59px}<\/style><h1 class=\"elementor-heading-title elementor-size-default\">Services Et Capacit\u00e9s CNC\n<\/h1>\t\t<\/div>\n\t\t\t\t<\/div>\n\t\t\t\t<div class=\"elementor-element elementor-element-5e8627d elementor-widget elementor-widget-html\" data-id=\"5e8627d\" data-element_type=\"widget\" data-widget_type=\"html.default\">\n\t\t\t\t<div class=\"elementor-widget-container\">\n\t\t\t<p class=\"white-txt\">Nos machines CNC sont utilis\u00e9es dans toutes les facettes de notre production, de la cr\u00e9ation de moules de thermoformage \u00e0 la d\u00e9coupe de plastique et d'autres substrats en formes personnalis\u00e9es pour notre d\u00e9partement de fabrication.<\/p>\t\t<\/div>\n\t\t\t\t<\/div>\n\t\t\t\t<div class=\"elementor-element elementor-element-b0068dd elementor-widget elementor-widget-button\" data-id=\"b0068dd\" data-element_type=\"widget\" data-widget_type=\"button.default\">\n\t\t\t\t<div class=\"elementor-widget-container\">\n\t\t\t\t\t<div class=\"elementor-button-wrapper\">\n\t\t\t<a class=\"elementor-button elementor-button-link elementor-size-sm\" href=\"\/fr\/contactez-nous\/\">\n\t\t\t\t\t\t<span class=\"elementor-button-content-wrapper\">\n\t\t\t\t\t\t<span class=\"elementor-button-text\">Contactez Nous<\/span>\n\t\t<\/span>\n\t\t\t\t\t<\/a>\n\t\t<\/div>\n\t\t\t\t<\/div>\n\t\t\t\t<\/div>\n\t\t\t\t\t<\/div>\n\t\t<\/div>\n\t\t\t\t\t\t\t<\/div>\n\t\t<\/section>\n\t\t\t\t<section class=\"elementor-section elementor-top-section elementor-element elementor-element-9ae4eac elementor-section-boxed elementor-section-height-default elementor-section-height-default\" data-id=\"9ae4eac\" data-element_type=\"section\">\n\t\t\t\t\t\t<div class=\"elementor-container elementor-column-gap-default\">\n\t\t\t\t\t<div class=\"elementor-column elementor-col-50 elementor-top-column elementor-element elementor-element-2946cc7\" data-id=\"2946cc7\" data-element_type=\"column\">\n\t\t\t<div class=\"elementor-widget-wrap elementor-element-populated\">\n\t\t\t\t\t\t\t\t<div class=\"elementor-element elementor-element-ddfe852 img-radius elementor-widget elementor-widget-image\" data-id=\"ddfe852\" data-element_type=\"widget\" data-widget_type=\"image.default\">\n\t\t\t\t<div class=\"elementor-widget-container\">\n\t\t\t<style>\/*! elementor - v3.14.0 - 26-06-2023 *\/\n.elementor-widget-image{text-align:center}.elementor-widget-image a{display:inline-block}.elementor-widget-image a img[src$=\".svg\"]{width:48px}.elementor-widget-image img{vertical-align:middle;display:inline-block}<\/style>\t\t\t\t\t\t\t\t\t\t\t\t<img decoding=\"async\" width=\"480\" height=\"640\" src=\"https:\/\/creativeformplastics.com\/wp-content\/uploads\/2023\/07\/cnc-cap-img.jpg\" class=\"attachment-full size-full wp-image-5932\" alt=\"\" srcset=\"https:\/\/creativeformplastics.com\/wp-content\/uploads\/2023\/07\/cnc-cap-img.jpg 480w, https:\/\/creativeformplastics.com\/wp-content\/uploads\/2023\/07\/cnc-cap-img-225x300.jpg 225w\" sizes=\"(max-width: 480px) 100vw, 480px\" \/>\t\t\t\t\t\t\t\t\t\t\t\t\t\t\t<\/div>\n\t\t\t\t<\/div>\n\t\t\t\t\t<\/div>\n\t\t<\/div>\n\t\t\t\t<div class=\"elementor-column elementor-col-50 elementor-top-column elementor-element elementor-element-1538c69\" data-id=\"1538c69\" data-element_type=\"column\">\n\t\t\t<div class=\"elementor-widget-wrap elementor-element-populated\">\n\t\t\t\t\t\t\t\t<div class=\"elementor-element elementor-element-3334268 creative_para elementor-widget elementor-widget-html\" data-id=\"3334268\" data-element_type=\"widget\" data-widget_type=\"html.default\">\n\t\t\t\t<div class=\"elementor-widget-container\">\n\t\t\t<p>Nos capacit\u00e9s CNC peuvent produire avec pr\u00e9cision et de mani\u00e8re r\u00e9p\u00e9t\u00e9e des composants en plastique avec des conceptions simples ou complexes. Lorsque nous ajoutons nos installations internes de cintrage \u00e0 chaud, cela nous permet de fournir une large gamme de produits fabriqu\u00e9s sur mesure pour des volumes longs ou courts ou une pi\u00e8ce unique pour le prototypage.<\/p>\n\n<p>Nous avons \u00e9t\u00e9 l'un des premiers \u00e0 adopter la conception CAO\/FAO et les machines CNC, ce qui a plac\u00e9 CFP \u00e0 la pointe du d\u00e9veloppement d'outillage de thermoformage et de la production de qualit\u00e9.\n<\/p>\n\n<p>Notre salle d'outillage interne nous permet de dicter les priorit\u00e9s, de r\u00e9duire les d\u00e9lais et d'assurer la meilleure qualit\u00e9.<\/p>\n\t\t<\/div>\n\t\t\t\t<\/div>\n\t\t\t\t\t<\/div>\n\t\t<\/div>\n\t\t\t\t\t\t\t<\/div>\n\t\t<\/section>\n\t\t\t\t<section class=\"elementor-section elementor-top-section elementor-element elementor-element-cee76ac elementor-section-boxed elementor-section-height-default elementor-section-height-default\" data-id=\"cee76ac\" data-element_type=\"section\">\n\t\t\t\t\t\t<div class=\"elementor-container elementor-column-gap-default\">\n\t\t\t\t\t<div class=\"elementor-column elementor-col-100 elementor-top-column elementor-element elementor-element-426a541\" data-id=\"426a541\" data-element_type=\"column\">\n\t\t\t<div class=\"elementor-widget-wrap elementor-element-populated\">\n\t\t\t\t\t\t\t\t<div class=\"elementor-element elementor-element-874e4ac cnc-gallery elementor-widget elementor-widget-image-gallery\" data-id=\"874e4ac\" data-element_type=\"widget\" data-widget_type=\"image-gallery.default\">\n\t\t\t\t<div class=\"elementor-widget-container\">\n\t\t\t<style>\/*! elementor - v3.14.0 - 26-06-2023 *\/\n.elementor-image-gallery .gallery-item{display:inline-block;text-align:center;vertical-align:top;width:100%;max-width:100%;margin:0 auto}.elementor-image-gallery .gallery-item img{margin:0 auto}.elementor-image-gallery .gallery-item .gallery-caption{margin:0}.elementor-image-gallery figure img{display:block}.elementor-image-gallery figure figcaption{width:100%}.gallery-spacing-custom .elementor-image-gallery .gallery-icon{padding:0}@media (min-width:768px){.elementor-image-gallery .gallery-columns-2 .gallery-item{max-width:50%}.elementor-image-gallery .gallery-columns-3 .gallery-item{max-width:33.33%}.elementor-image-gallery .gallery-columns-4 .gallery-item{max-width:25%}.elementor-image-gallery .gallery-columns-5 .gallery-item{max-width:20%}.elementor-image-gallery .gallery-columns-6 .gallery-item{max-width:16.666%}.elementor-image-gallery .gallery-columns-7 .gallery-item{max-width:14.28%}.elementor-image-gallery .gallery-columns-8 .gallery-item{max-width:12.5%}.elementor-image-gallery .gallery-columns-9 .gallery-item{max-width:11.11%}.elementor-image-gallery .gallery-columns-10 .gallery-item{max-width:10%}}@media (min-width:480px) and (max-width:767px){.elementor-image-gallery .gallery.gallery-columns-2 .gallery-item,.elementor-image-gallery .gallery.gallery-columns-3 .gallery-item,.elementor-image-gallery .gallery.gallery-columns-4 .gallery-item,.elementor-image-gallery .gallery.gallery-columns-5 .gallery-item,.elementor-image-gallery .gallery.gallery-columns-6 .gallery-item,.elementor-image-gallery .gallery.gallery-columns-7 .gallery-item,.elementor-image-gallery .gallery.gallery-columns-8 .gallery-item,.elementor-image-gallery .gallery.gallery-columns-9 .gallery-item,.elementor-image-gallery .gallery.gallery-columns-10 .gallery-item{max-width:50%}}@media (max-width:479px){.elementor-image-gallery .gallery.gallery-columns-2 .gallery-item,.elementor-image-gallery .gallery.gallery-columns-3 .gallery-item,.elementor-image-gallery .gallery.gallery-columns-4 .gallery-item,.elementor-image-gallery .gallery.gallery-columns-5 .gallery-item,.elementor-image-gallery .gallery.gallery-columns-6 .gallery-item,.elementor-image-gallery .gallery.gallery-columns-7 .gallery-item,.elementor-image-gallery .gallery.gallery-columns-8 .gallery-item,.elementor-image-gallery .gallery.gallery-columns-9 .gallery-item,.elementor-image-gallery .gallery.gallery-columns-10 .gallery-item{max-width:100%}}<\/style>\t\t<div class=\"elementor-image-gallery\">\n\t\t\t<div id='gallery-1' class='gallery galleryid-4349 gallery-columns-3 gallery-size-full'><figure class='gallery-item'>\n\t\t\t<div class='gallery-icon portrait'>\n\t\t\t\t<a data-elementor-open-lightbox=\"yes\" data-elementor-lightbox-slideshow=\"874e4ac\" data-elementor-lightbox-title=\"CNC Services_img2\" data-e-action-hash=\"#elementor-action%3Aaction%3Dlightbox%26settings%3DeyJpZCI6MjUyNCwidXJsIjoiaHR0cHM6XC9cL2NyZWF0aXZlZm9ybXBsYXN0aWNzLmNvbVwvd3AtY29udGVudFwvdXBsb2Fkc1wvMjAyM1wvMDVcL0NOQy1TZXJ2aWNlc19pbWcyLmpwZyIsInNsaWRlc2hvdyI6Ijg3NGU0YWMifQ%3D%3D\" href='https:\/\/creativeformplastics.com\/wp-content\/uploads\/2023\/05\/CNC-Services_img2.jpg'><img decoding=\"async\" width=\"164\" height=\"168\" src=\"https:\/\/creativeformplastics.com\/wp-content\/uploads\/2023\/05\/CNC-Services_img2.jpg\" class=\"attachment-full size-full\" alt=\"\" \/><\/a>\n\t\t\t<\/div><\/figure><figure class='gallery-item'>\n\t\t\t<div class='gallery-icon landscape'>\n\t\t\t\t<a data-elementor-open-lightbox=\"yes\" data-elementor-lightbox-slideshow=\"874e4ac\" data-elementor-lightbox-title=\"CNC Services_img1\" data-e-action-hash=\"#elementor-action%3Aaction%3Dlightbox%26settings%3DeyJpZCI6MjUyMCwidXJsIjoiaHR0cHM6XC9cL2NyZWF0aXZlZm9ybXBsYXN0aWNzLmNvbVwvd3AtY29udGVudFwvdXBsb2Fkc1wvMjAyM1wvMDVcL0NOQy1TZXJ2aWNlc19pbWcxLmpwZyIsInNsaWRlc2hvdyI6Ijg3NGU0YWMifQ%3D%3D\" href='https:\/\/creativeformplastics.com\/wp-content\/uploads\/2023\/05\/CNC-Services_img1.jpg'><img decoding=\"async\" width=\"196\" height=\"134\" src=\"https:\/\/creativeformplastics.com\/wp-content\/uploads\/2023\/05\/CNC-Services_img1.jpg\" class=\"attachment-full size-full\" alt=\"\" \/><\/a>\n\t\t\t<\/div><\/figure><figure class='gallery-item'>\n\t\t\t<div class='gallery-icon landscape'>\n\t\t\t\t<a data-elementor-open-lightbox=\"yes\" data-elementor-lightbox-slideshow=\"874e4ac\" data-elementor-lightbox-title=\"CNC Services_img3\" data-e-action-hash=\"#elementor-action%3Aaction%3Dlightbox%26settings%3DeyJpZCI6MjUyMiwidXJsIjoiaHR0cHM6XC9cL2NyZWF0aXZlZm9ybXBsYXN0aWNzLmNvbVwvd3AtY29udGVudFwvdXBsb2Fkc1wvMjAyM1wvMDVcL0NOQy1TZXJ2aWNlc19pbWczLmpwZyIsInNsaWRlc2hvdyI6Ijg3NGU0YWMifQ%3D%3D\" href='https:\/\/creativeformplastics.com\/wp-content\/uploads\/2023\/05\/CNC-Services_img3.jpg'><img decoding=\"async\" width=\"161\" height=\"150\" src=\"https:\/\/creativeformplastics.com\/wp-content\/uploads\/2023\/05\/CNC-Services_img3.jpg\" class=\"attachment-full size-full\" alt=\"\" \/><\/a>\n\t\t\t<\/div><\/figure>\n\t\t<\/div>\n\t\t<\/div>\n\t\t\t\t<\/div>\n\t\t\t\t<\/div>\n\t\t\t\t\t<\/div>\n\t\t<\/div>\n\t\t\t\t\t\t\t<\/div>\n\t\t<\/section>\n\t\t\t\t<section class=\"elementor-section elementor-top-section elementor-element elementor-element-699a391 elementor-section-boxed elementor-section-height-default elementor-section-height-default\" data-id=\"699a391\" data-element_type=\"section\">\n\t\t\t\t\t\t<div class=\"elementor-container elementor-column-gap-default\">\n\t\t\t\t\t<div class=\"elementor-column elementor-col-100 elementor-top-column elementor-element elementor-element-90fcf12\" data-id=\"90fcf12\" data-element_type=\"column\">\n\t\t\t<div class=\"elementor-widget-wrap elementor-element-populated\">\n\t\t\t\t\t\t\t\t<section class=\"elementor-section elementor-inner-section elementor-element elementor-element-4af5c36 contact_us elementor-reverse-mobile elementor-section-boxed elementor-section-height-default elementor-section-height-default\" data-id=\"4af5c36\" data-element_type=\"section\" data-settings=\"{&quot;background_background&quot;:&quot;classic&quot;}\">\n\t\t\t\t\t\t<div class=\"elementor-container elementor-column-gap-default\">\n\t\t\t\t\t<div class=\"elementor-column elementor-col-50 elementor-inner-column elementor-element elementor-element-77ad755\" data-id=\"77ad755\" data-element_type=\"column\">\n\t\t\t<div class=\"elementor-widget-wrap elementor-element-populated\">\n\t\t\t\t\t\t\t\t<div class=\"elementor-element elementor-element-7743789 elementor-widget elementor-widget-html\" data-id=\"7743789\" data-element_type=\"widget\" data-widget_type=\"html.default\">\n\t\t\t\t<div class=\"elementor-widget-container\">\n\t\t\t<h2 class=\"white-txt capitalize-txt \"><span>Contactez-nous<\/span> pour\r\ndonner <br class=\"desk-br\">Vous une citation.<\/h2>\r\n<h4 class=\"white-txt\">Appelez ou envoyez-nous un e-mail et parlez-nous de vos exigences en mati\u00e8re de produits et notre \u00e9quipe de vente et de conception se fera un plaisir de travailler avec vous pour s'assurer que vos besoins et vos attentes sont satisfaits.<\/h4>\t\t<\/div>\n\t\t\t\t<\/div>\n\t\t\t\t<div class=\"elementor-element elementor-element-e6c231c elementor-widget elementor-widget-button\" data-id=\"e6c231c\" data-element_type=\"widget\" data-widget_type=\"button.default\">\n\t\t\t\t<div class=\"elementor-widget-container\">\n\t\t\t\t\t<div class=\"elementor-button-wrapper\">\n\t\t\t<a class=\"elementor-button elementor-button-link elementor-size-sm\" href=\"\/fr\/Contactez-nous\">\n\t\t\t\t\t\t<span class=\"elementor-button-content-wrapper\">\n\t\t\t\t\t\t<span class=\"elementor-button-text\">Contactez nous<\/span>\n\t\t<\/span>\n\t\t\t\t\t<\/a>\n\t\t<\/div>\n\t\t\t\t<\/div>\n\t\t\t\t<\/div>\n\t\t\t\t\t<\/div>\n\t\t<\/div>\n\t\t\t\t<div class=\"elementor-column elementor-col-50 elementor-inner-column elementor-element elementor-element-4e1003b\" data-id=\"4e1003b\" data-element_type=\"column\">\n\t\t\t<div class=\"elementor-widget-wrap elementor-element-populated\">\n\t\t\t\t\t\t\t\t<div class=\"elementor-element elementor-element-95afda7 elementor-widget__width-initial elementor-widget elementor-widget-image\" data-id=\"95afda7\" data-element_type=\"widget\" data-widget_type=\"image.default\">\n\t\t\t\t<div class=\"elementor-widget-container\">\n\t\t\t\t\t\t\t\t\t\t\t\t\t\t\t<img decoding=\"async\" width=\"412\" height=\"486\" src=\"https:\/\/creativeformplastics.com\/wp-content\/uploads\/2023\/06\/cfp-contact-img.png\" class=\"attachment-full size-full wp-image-5835\" alt=\"\" srcset=\"https:\/\/creativeformplastics.com\/wp-content\/uploads\/2023\/06\/cfp-contact-img.png 412w, https:\/\/creativeformplastics.com\/wp-content\/uploads\/2023\/06\/cfp-contact-img-254x300.png 254w\" sizes=\"(max-width: 412px) 100vw, 412px\" \/>\t\t\t\t\t\t\t\t\t\t\t\t\t\t\t<\/div>\n\t\t\t\t<\/div>\n\t\t\t\t\t<\/div>\n\t\t<\/div>\n\t\t\t\t\t\t\t<\/div>\n\t\t<\/section>\n\t\t\t\t\t<\/div>\n\t\t<\/div>\n\t\t\t\t\t\t\t<\/div>\n\t\t<\/section>\n\t\t\t\t\t\t\t<\/div>\n\t\t","protected":false},"excerpt":{"rendered":"<p>Services Et Capacit\u00e9s CNC Nos machines CNC sont utilis\u00e9es dans toutes les facettes de notre production, de la cr\u00e9ation de moules de thermoformage \u00e0 la d\u00e9coupe de plastique et d&#8217;autres substrats en formes personnalis\u00e9es pour notre d\u00e9partement de fabrication. Contactez Nous Nos capacit\u00e9s CNC peuvent produire avec pr\u00e9cision et de mani\u00e8re r\u00e9p\u00e9t\u00e9e des composants en &#8230; <a title=\"Capacit\u00e9s CNC\" class=\"read-more\" href=\"https:\/\/creativeformplastics.com\/fr\/capacites-cnc\/\" aria-label=\"More on Capacit\u00e9s CNC\">Read more<\/a><\/p>\n","protected":false},"author":1,"featured_media":0,"parent":0,"menu_order":0,"comment_status":"closed","ping_status":"closed","template":"elementor_header_footer","meta":{"footnotes":""},"class_list":["post-4349","page","type-page","status-publish"],"yoast_head":"<!-- This site is optimized with the Yoast SEO Premium plugin v20.10 (Yoast SEO v20.10) - https:\/\/yoast.com\/wordpress\/plugins\/seo\/ -->\n<title>Capacit\u00e9s CNC - Creative Form Plastics<\/title>\n<meta name=\"robots\" content=\"index, follow, max-snippet:-1, max-image-preview:large, max-video-preview:-1\" \/>\n<link rel=\"canonical\" href=\"https:\/\/creativeformplastics.com\/fr\/capacites-cnc\/\" \/>\n<meta property=\"og:locale\" content=\"fr_FR\" \/>\n<meta property=\"og:type\" content=\"article\" \/>\n<meta property=\"og:title\" content=\"Capacit\u00e9s CNC\" \/>\n<meta property=\"og:description\" content=\"Services Et Capacit\u00e9s CNC Nos machines CNC sont utilis\u00e9es dans toutes les facettes de notre production, de la cr\u00e9ation de moules de thermoformage \u00e0 la d\u00e9coupe de plastique et d&#8217;autres substrats en formes personnalis\u00e9es pour notre d\u00e9partement de fabrication. Contactez Nous Nos capacit\u00e9s CNC peuvent produire avec pr\u00e9cision et de mani\u00e8re r\u00e9p\u00e9t\u00e9e des composants en ... Read more\" \/>\n<meta property=\"og:url\" content=\"https:\/\/creativeformplastics.com\/fr\/capacites-cnc\/\" \/>\n<meta property=\"og:site_name\" content=\"Creative Form Plastics\" \/>\n<meta property=\"article:modified_time\" content=\"2023-07-03T13:43:43+00:00\" \/>\n<meta property=\"og:image\" content=\"https:\/\/creativeformplastics.com\/wp-content\/uploads\/2023\/07\/cnc-cap-img.jpg\" \/>\n<meta name=\"twitter:card\" content=\"summary_large_image\" \/>\n<meta name=\"twitter:label1\" content=\"Est. reading time\" \/>\n\t<meta name=\"twitter:data1\" content=\"1 minute\" \/>\n<script type=\"application\/ld+json\" class=\"yoast-schema-graph\">{\"@context\":\"https:\/\/schema.org\",\"@graph\":[{\"@type\":\"WebPage\",\"@id\":\"https:\/\/creativeformplastics.com\/fr\/capacites-cnc\/\",\"url\":\"https:\/\/creativeformplastics.com\/fr\/capacites-cnc\/\",\"name\":\"Capacit\u00e9s CNC - Creative Form Plastics\",\"isPartOf\":{\"@id\":\"https:\/\/creativeformplastics.com\/fr\/#website\"},\"datePublished\":\"2023-05-25T07:30:28+00:00\",\"dateModified\":\"2023-07-03T13:43:43+00:00\",\"breadcrumb\":{\"@id\":\"https:\/\/creativeformplastics.com\/fr\/capacites-cnc\/#breadcrumb\"},\"inLanguage\":\"fr-FR\",\"potentialAction\":[{\"@type\":\"ReadAction\",\"target\":[\"https:\/\/creativeformplastics.com\/fr\/capacites-cnc\/\"]}]},{\"@type\":\"BreadcrumbList\",\"@id\":\"https:\/\/creativeformplastics.com\/fr\/capacites-cnc\/#breadcrumb\",\"itemListElement\":[{\"@type\":\"ListItem\",\"position\":1,\"name\":\"Home\",\"item\":\"https:\/\/creativeformplastics.com\/fr\/\"},{\"@type\":\"ListItem\",\"position\":2,\"name\":\"Capacit\u00e9s CNC\"}]},{\"@type\":\"WebSite\",\"@id\":\"https:\/\/creativeformplastics.com\/fr\/#website\",\"url\":\"https:\/\/creativeformplastics.com\/fr\/\",\"name\":\"Creative Form Plastics\",\"description\":\"\",\"publisher\":{\"@id\":\"https:\/\/creativeformplastics.com\/fr\/#organization\"},\"potentialAction\":[{\"@type\":\"SearchAction\",\"target\":{\"@type\":\"EntryPoint\",\"urlTemplate\":\"https:\/\/creativeformplastics.com\/fr\/?s={search_term_string}\"},\"query-input\":\"required name=search_term_string\"}],\"inLanguage\":\"fr-FR\"},{\"@type\":\"Organization\",\"@id\":\"https:\/\/creativeformplastics.com\/fr\/#organization\",\"name\":\"Creative Form Plastics\",\"url\":\"https:\/\/creativeformplastics.com\/fr\/\",\"logo\":{\"@type\":\"ImageObject\",\"inLanguage\":\"fr-FR\",\"@id\":\"https:\/\/creativeformplastics.com\/fr\/#\/schema\/logo\/image\/\",\"url\":\"https:\/\/creativeformplastics.com\/wp-content\/uploads\/2023\/05\/logo.png\",\"contentUrl\":\"https:\/\/creativeformplastics.com\/wp-content\/uploads\/2023\/05\/logo.png\",\"width\":347,\"height\":87,\"caption\":\"Creative Form Plastics\"},\"image\":{\"@id\":\"https:\/\/creativeformplastics.com\/fr\/#\/schema\/logo\/image\/\"}}]}<\/script>\n<!-- \/ Yoast SEO Premium plugin. -->","yoast_head_json":{"title":"Capacit\u00e9s CNC - Creative Form Plastics","robots":{"index":"index","follow":"follow","max-snippet":"max-snippet:-1","max-image-preview":"max-image-preview:large","max-video-preview":"max-video-preview:-1"},"canonical":"https:\/\/creativeformplastics.com\/fr\/capacites-cnc\/","og_locale":"fr_FR","og_type":"article","og_title":"Capacit\u00e9s CNC","og_description":"Services Et Capacit\u00e9s CNC Nos machines CNC sont utilis\u00e9es dans toutes les facettes de notre production, de la cr\u00e9ation de moules de thermoformage \u00e0 la d\u00e9coupe de plastique et d&#8217;autres substrats en formes personnalis\u00e9es pour notre d\u00e9partement de fabrication. Contactez Nous Nos capacit\u00e9s CNC peuvent produire avec pr\u00e9cision et de mani\u00e8re r\u00e9p\u00e9t\u00e9e des composants en ... Read more","og_url":"https:\/\/creativeformplastics.com\/fr\/capacites-cnc\/","og_site_name":"Creative Form Plastics","article_modified_time":"2023-07-03T13:43:43+00:00","og_image":[{"url":"https:\/\/creativeformplastics.com\/wp-content\/uploads\/2023\/07\/cnc-cap-img.jpg"}],"twitter_card":"summary_large_image","twitter_misc":{"Est. reading time":"1 minute"},"schema":{"@context":"https:\/\/schema.org","@graph":[{"@type":"WebPage","@id":"https:\/\/creativeformplastics.com\/fr\/capacites-cnc\/","url":"https:\/\/creativeformplastics.com\/fr\/capacites-cnc\/","name":"Capacit\u00e9s CNC - Creative Form Plastics","isPartOf":{"@id":"https:\/\/creativeformplastics.com\/fr\/#website"},"datePublished":"2023-05-25T07:30:28+00:00","dateModified":"2023-07-03T13:43:43+00:00","breadcrumb":{"@id":"https:\/\/creativeformplastics.com\/fr\/capacites-cnc\/#breadcrumb"},"inLanguage":"fr-FR","potentialAction":[{"@type":"ReadAction","target":["https:\/\/creativeformplastics.com\/fr\/capacites-cnc\/"]}]},{"@type":"BreadcrumbList","@id":"https:\/\/creativeformplastics.com\/fr\/capacites-cnc\/#breadcrumb","itemListElement":[{"@type":"ListItem","position":1,"name":"Home","item":"https:\/\/creativeformplastics.com\/fr\/"},{"@type":"ListItem","position":2,"name":"Capacit\u00e9s CNC"}]},{"@type":"WebSite","@id":"https:\/\/creativeformplastics.com\/fr\/#website","url":"https:\/\/creativeformplastics.com\/fr\/","name":"Creative Form Plastics","description":"","publisher":{"@id":"https:\/\/creativeformplastics.com\/fr\/#organization"},"potentialAction":[{"@type":"SearchAction","target":{"@type":"EntryPoint","urlTemplate":"https:\/\/creativeformplastics.com\/fr\/?s={search_term_string}"},"query-input":"required name=search_term_string"}],"inLanguage":"fr-FR"},{"@type":"Organization","@id":"https:\/\/creativeformplastics.com\/fr\/#organization","name":"Creative Form Plastics","url":"https:\/\/creativeformplastics.com\/fr\/","logo":{"@type":"ImageObject","inLanguage":"fr-FR","@id":"https:\/\/creativeformplastics.com\/fr\/#\/schema\/logo\/image\/","url":"https:\/\/creativeformplastics.com\/wp-content\/uploads\/2023\/05\/logo.png","contentUrl":"https:\/\/creativeformplastics.com\/wp-content\/uploads\/2023\/05\/logo.png","width":347,"height":87,"caption":"Creative Form Plastics"},"image":{"@id":"https:\/\/creativeformplastics.com\/fr\/#\/schema\/logo\/image\/"}}]}},"_links":{"self":[{"href":"https:\/\/creativeformplastics.com\/fr\/wp-json\/wp\/v2\/pages\/4349","targetHints":{"allow":["GET"]}}],"collection":[{"href":"https:\/\/creativeformplastics.com\/fr\/wp-json\/wp\/v2\/pages"}],"about":[{"href":"https:\/\/creativeformplastics.com\/fr\/wp-json\/wp\/v2\/types\/page"}],"author":[{"embeddable":true,"href":"https:\/\/creativeformplastics.com\/fr\/wp-json\/wp\/v2\/users\/1"}],"replies":[{"embeddable":true,"href":"https:\/\/creativeformplastics.com\/fr\/wp-json\/wp\/v2\/comments?post=4349"}],"version-history":[{"count":68,"href":"https:\/\/creativeformplastics.com\/fr\/wp-json\/wp\/v2\/pages\/4349\/revisions"}],"predecessor-version":[{"id":5971,"href":"https:\/\/creativeformplastics.com\/fr\/wp-json\/wp\/v2\/pages\/4349\/revisions\/5971"}],"wp:attachment":[{"href":"https:\/\/creativeformplastics.com\/fr\/wp-json\/wp\/v2\/media?parent=4349"}],"curies":[{"name":"wp","href":"https:\/\/api.w.org\/{rel}","templated":true}]}}