{"id":4347,"date":"2023-05-25T03:26:45","date_gmt":"2023-05-25T07:26:45","guid":{"rendered":"https:\/\/creativeformplastics.com\/outillage-interne\/"},"modified":"2023-06-29T15:17:19","modified_gmt":"2023-06-29T19:17:19","slug":"outillage-interne","status":"publish","type":"page","link":"https:\/\/creativeformplastics.com\/fr\/outillage-interne\/","title":{"rendered":"Outillage interne"},"content":{"rendered":"\t\t<div data-elementor-type=\"wp-page\" data-elementor-id=\"4347\" class=\"elementor elementor-4347 elementor-2544\" data-elementor-post-type=\"page\">\n\t\t\t\t\t\t\t\t\t<section class=\"elementor-section elementor-top-section elementor-element elementor-element-f946220 elementor-section-content-middle hero-sec elementor-section-boxed elementor-section-height-default elementor-section-height-default\" data-id=\"f946220\" data-element_type=\"section\" data-settings=\"{&quot;background_background&quot;:&quot;classic&quot;}\">\n\t\t\t\t\t\t<div class=\"elementor-container elementor-column-gap-default\">\n\t\t\t\t\t<div class=\"elementor-column elementor-col-100 elementor-top-column elementor-element elementor-element-9e03a05\" data-id=\"9e03a05\" data-element_type=\"column\">\n\t\t\t<div class=\"elementor-widget-wrap elementor-element-populated\">\n\t\t\t\t\t\t\t\t<div class=\"elementor-element elementor-element-2af5859 elementor-widget elementor-widget-heading\" data-id=\"2af5859\" data-element_type=\"widget\" data-widget_type=\"heading.default\">\n\t\t\t\t<div class=\"elementor-widget-container\">\n\t\t\t<style>\/*! elementor - v3.14.0 - 26-06-2023 *\/\n.elementor-heading-title{padding:0;margin:0;line-height:1}.elementor-widget-heading .elementor-heading-title[class*=elementor-size-]>a{color:inherit;font-size:inherit;line-height:inherit}.elementor-widget-heading .elementor-heading-title.elementor-size-small{font-size:15px}.elementor-widget-heading .elementor-heading-title.elementor-size-medium{font-size:19px}.elementor-widget-heading .elementor-heading-title.elementor-size-large{font-size:29px}.elementor-widget-heading .elementor-heading-title.elementor-size-xl{font-size:39px}.elementor-widget-heading .elementor-heading-title.elementor-size-xxl{font-size:59px}<\/style><h1 class=\"elementor-heading-title elementor-size-default\">Outillage Interne\n\n<\/h1>\t\t<\/div>\n\t\t\t\t<\/div>\n\t\t\t\t<div class=\"elementor-element elementor-element-5e8627d elementor-widget elementor-widget-html\" data-id=\"5e8627d\" data-element_type=\"widget\" data-widget_type=\"html.default\">\n\t\t\t\t<div class=\"elementor-widget-container\">\n\t\t\t<p class=\"white-txt\">\r\nNotre \u00e9quipe de conception exp\u00e9riment\u00e9e et comp\u00e9tente peut cr\u00e9er ce qui est n\u00e9cessaire pour commercialiser avec succ\u00e8s votre produit.<\/p>\t\t<\/div>\n\t\t\t\t<\/div>\n\t\t\t\t<div class=\"elementor-element elementor-element-b0068dd elementor-widget elementor-widget-button\" data-id=\"b0068dd\" data-element_type=\"widget\" data-widget_type=\"button.default\">\n\t\t\t\t<div class=\"elementor-widget-container\">\n\t\t\t\t\t<div class=\"elementor-button-wrapper\">\n\t\t\t<a class=\"elementor-button elementor-button-link elementor-size-sm\" href=\"\/fr\/contactez-nous\/\">\n\t\t\t\t\t\t<span class=\"elementor-button-content-wrapper\">\n\t\t\t\t\t\t<span class=\"elementor-button-text\">Contactez Nous<\/span>\n\t\t<\/span>\n\t\t\t\t\t<\/a>\n\t\t<\/div>\n\t\t\t\t<\/div>\n\t\t\t\t<\/div>\n\t\t\t\t\t<\/div>\n\t\t<\/div>\n\t\t\t\t\t\t\t<\/div>\n\t\t<\/section>\n\t\t\t\t<section class=\"elementor-section elementor-top-section elementor-element elementor-element-9ae4eac elementor-section-boxed elementor-section-height-default elementor-section-height-default\" data-id=\"9ae4eac\" data-element_type=\"section\">\n\t\t\t\t\t\t<div class=\"elementor-container elementor-column-gap-default\">\n\t\t\t\t\t<div class=\"elementor-column elementor-col-50 elementor-top-column elementor-element elementor-element-2946cc7\" data-id=\"2946cc7\" data-element_type=\"column\">\n\t\t\t<div class=\"elementor-widget-wrap elementor-element-populated\">\n\t\t\t\t\t\t\t\t<div class=\"elementor-element elementor-element-ddfe852 elementor-widget elementor-widget-image\" data-id=\"ddfe852\" data-element_type=\"widget\" data-widget_type=\"image.default\">\n\t\t\t\t<div class=\"elementor-widget-container\">\n\t\t\t<style>\/*! elementor - v3.14.0 - 26-06-2023 *\/\n.elementor-widget-image{text-align:center}.elementor-widget-image a{display:inline-block}.elementor-widget-image a img[src$=\".svg\"]{width:48px}.elementor-widget-image img{vertical-align:middle;display:inline-block}<\/style>\t\t\t\t\t\t\t\t\t\t\t\t<img decoding=\"async\" width=\"681\" height=\"561\" src=\"https:\/\/creativeformplastics.com\/wp-content\/uploads\/2023\/06\/In-house-Tooling-img.jpg\" class=\"attachment-full size-full wp-image-5592\" alt=\"\" srcset=\"https:\/\/creativeformplastics.com\/wp-content\/uploads\/2023\/06\/In-house-Tooling-img.jpg 681w, https:\/\/creativeformplastics.com\/wp-content\/uploads\/2023\/06\/In-house-Tooling-img-300x247.jpg 300w\" sizes=\"(max-width: 681px) 100vw, 681px\" \/>\t\t\t\t\t\t\t\t\t\t\t\t\t\t\t<\/div>\n\t\t\t\t<\/div>\n\t\t\t\t\t<\/div>\n\t\t<\/div>\n\t\t\t\t<div class=\"elementor-column elementor-col-50 elementor-top-column elementor-element elementor-element-1538c69\" data-id=\"1538c69\" data-element_type=\"column\">\n\t\t\t<div class=\"elementor-widget-wrap elementor-element-populated\">\n\t\t\t\t\t\t\t\t<div class=\"elementor-element elementor-element-3334268 creative_para elementor-widget elementor-widget-html\" data-id=\"3334268\" data-element_type=\"widget\" data-widget_type=\"html.default\">\n\t\t\t\t<div class=\"elementor-widget-container\">\n\t\t\t<p>Notre \u00e9quipe de conception est ax\u00e9e sur la qualit\u00e9 et la cr\u00e9ativit\u00e9. Gr\u00e2ce \u00e0 l'utilisation des derni\u00e8res technologies et \u00e0 la vaste compr\u00e9hension des mat\u00e9riaux et de la fabrication, leurs conceptions cr\u00e9ent non seulement un excellent produit final, mais con\u00e7oivent l'outillage n\u00e9cessaire pour le produire.<\/p>\n\n<p>Creative Form Plastics con\u00e7oit et fabrique des outillages en interne en exploitant notre propre salle de moulage. Cela nous donne la possibilit\u00e9 de dicter des priorit\u00e9s nous permettant de r\u00e9duire les d\u00e9lais et d'assurer une qualit\u00e9 optimale.<\/p>\n\n<p>Nous ne limitons pas nos conceptions et nos outillages au paradigme lin\u00e9aire qui a \u00e9volu\u00e9 avec la CAO\/FAO et la CNC. CFP maintient un d\u00e9partement de mod\u00e9listes \u00ab artisanaux \u00bb de la vieille \u00e9cole. Ces artisans perp\u00e9tuent le savoir-faire traditionnel et artistique pour cr\u00e9er des motifs fluides et organiques qui nous permettent de sortir des sentiers battus.<\/p>\n\n\n\t\t<\/div>\n\t\t\t\t<\/div>\n\t\t\t\t\t<\/div>\n\t\t<\/div>\n\t\t\t\t\t\t\t<\/div>\n\t\t<\/section>\n\t\t\t\t<section class=\"elementor-section elementor-top-section elementor-element elementor-element-55a148a elementor-section-boxed elementor-section-height-default elementor-section-height-default\" data-id=\"55a148a\" data-element_type=\"section\">\n\t\t\t\t\t\t<div class=\"elementor-container elementor-column-gap-default\">\n\t\t\t\t\t<div class=\"elementor-column elementor-col-100 elementor-top-column elementor-element elementor-element-d757e11\" data-id=\"d757e11\" data-element_type=\"column\">\n\t\t\t<div class=\"elementor-widget-wrap elementor-element-populated\">\n\t\t\t\t\t\t\t\t<section class=\"elementor-section elementor-inner-section elementor-element elementor-element-9636802 contact_us elementor-reverse-mobile elementor-section-boxed elementor-section-height-default elementor-section-height-default\" data-id=\"9636802\" data-element_type=\"section\" data-settings=\"{&quot;background_background&quot;:&quot;classic&quot;}\">\n\t\t\t\t\t\t<div class=\"elementor-container elementor-column-gap-default\">\n\t\t\t\t\t<div class=\"elementor-column elementor-col-50 elementor-inner-column elementor-element elementor-element-d13a812\" data-id=\"d13a812\" data-element_type=\"column\">\n\t\t\t<div class=\"elementor-widget-wrap elementor-element-populated\">\n\t\t\t\t\t\t\t\t<div class=\"elementor-element elementor-element-4ac9341 elementor-widget elementor-widget-html\" data-id=\"4ac9341\" data-element_type=\"widget\" data-widget_type=\"html.default\">\n\t\t\t\t<div class=\"elementor-widget-container\">\n\t\t\t    <h2 class=\"white-txt capitalize-txt \"><span>Contactez-nous<\/span> pour\r\n    donner <br class=\"desk-br\">Vous une citation.<\/h2>\r\n    <h4 class=\"white-txt\">Appelez ou envoyez-nous un e-mail et parlez-nous de vos exigences en mati\u00e8re de produits et notre \u00e9quipe de vente et de conception se fera un plaisir de travailler avec vous pour s'assurer que vos besoins et vos attentes sont satisfaits.\r\n <\/h4>\t\t<\/div>\n\t\t\t\t<\/div>\n\t\t\t\t<div class=\"elementor-element elementor-element-a85ffc6 elementor-widget elementor-widget-button\" data-id=\"a85ffc6\" data-element_type=\"widget\" data-widget_type=\"button.default\">\n\t\t\t\t<div class=\"elementor-widget-container\">\n\t\t\t\t\t<div class=\"elementor-button-wrapper\">\n\t\t\t<a class=\"elementor-button elementor-button-link elementor-size-sm\" href=\"\/fr\/Contactez-nous\">\n\t\t\t\t\t\t<span class=\"elementor-button-content-wrapper\">\n\t\t\t\t\t\t<span class=\"elementor-button-text\"> Contactez nous<\/span>\n\t\t<\/span>\n\t\t\t\t\t<\/a>\n\t\t<\/div>\n\t\t\t\t<\/div>\n\t\t\t\t<\/div>\n\t\t\t\t\t<\/div>\n\t\t<\/div>\n\t\t\t\t<div class=\"elementor-column elementor-col-50 elementor-inner-column elementor-element elementor-element-12e193e\" data-id=\"12e193e\" data-element_type=\"column\">\n\t\t\t<div class=\"elementor-widget-wrap elementor-element-populated\">\n\t\t\t\t\t\t\t\t<div class=\"elementor-element elementor-element-4d7fd9e elementor-widget__width-initial elementor-widget elementor-widget-image\" data-id=\"4d7fd9e\" data-element_type=\"widget\" data-widget_type=\"image.default\">\n\t\t\t\t<div class=\"elementor-widget-container\">\n\t\t\t\t\t\t\t\t\t\t\t\t\t\t\t<img decoding=\"async\" width=\"412\" height=\"486\" src=\"https:\/\/creativeformplastics.com\/wp-content\/uploads\/2023\/06\/cfp-contact-img.png\" class=\"attachment-full size-full wp-image-5835\" alt=\"\" srcset=\"https:\/\/creativeformplastics.com\/wp-content\/uploads\/2023\/06\/cfp-contact-img.png 412w, https:\/\/creativeformplastics.com\/wp-content\/uploads\/2023\/06\/cfp-contact-img-254x300.png 254w\" sizes=\"(max-width: 412px) 100vw, 412px\" \/>\t\t\t\t\t\t\t\t\t\t\t\t\t\t\t<\/div>\n\t\t\t\t<\/div>\n\t\t\t\t\t<\/div>\n\t\t<\/div>\n\t\t\t\t\t\t\t<\/div>\n\t\t<\/section>\n\t\t\t\t\t<\/div>\n\t\t<\/div>\n\t\t\t\t\t\t\t<\/div>\n\t\t<\/section>\n\t\t\t\t\t\t\t<\/div>\n\t\t","protected":false},"excerpt":{"rendered":"<p>Outillage Interne Notre \u00e9quipe de conception exp\u00e9riment\u00e9e et comp\u00e9tente peut cr\u00e9er ce qui est n\u00e9cessaire pour commercialiser avec succ\u00e8s votre produit. Contactez Nous Notre \u00e9quipe de conception est ax\u00e9e sur la qualit\u00e9 et la cr\u00e9ativit\u00e9. Gr\u00e2ce \u00e0 l&#8217;utilisation des derni\u00e8res technologies et \u00e0 la vaste compr\u00e9hension des mat\u00e9riaux et de la fabrication, leurs conceptions cr\u00e9ent &#8230; <a title=\"Outillage interne\" class=\"read-more\" href=\"https:\/\/creativeformplastics.com\/fr\/outillage-interne\/\" aria-label=\"More on Outillage interne\">Read more<\/a><\/p>\n","protected":false},"author":1,"featured_media":0,"parent":0,"menu_order":0,"comment_status":"closed","ping_status":"closed","template":"elementor_header_footer","meta":{"footnotes":""},"class_list":["post-4347","page","type-page","status-publish"],"yoast_head":"<!-- This site is optimized with the Yoast SEO Premium plugin v20.10 (Yoast SEO v20.10) - https:\/\/yoast.com\/wordpress\/plugins\/seo\/ -->\n<title>Outillage interne - Creative Form Plastics<\/title>\n<meta name=\"robots\" content=\"index, follow, max-snippet:-1, max-image-preview:large, max-video-preview:-1\" \/>\n<link rel=\"canonical\" href=\"https:\/\/creativeformplastics.com\/fr\/outillage-interne\/\" \/>\n<meta property=\"og:locale\" content=\"fr_FR\" \/>\n<meta property=\"og:type\" content=\"article\" \/>\n<meta property=\"og:title\" content=\"Outillage interne\" \/>\n<meta property=\"og:description\" content=\"Outillage Interne Notre \u00e9quipe de conception exp\u00e9riment\u00e9e et comp\u00e9tente peut cr\u00e9er ce qui est n\u00e9cessaire pour commercialiser avec succ\u00e8s votre produit. Contactez Nous Notre \u00e9quipe de conception est ax\u00e9e sur la qualit\u00e9 et la cr\u00e9ativit\u00e9. Gr\u00e2ce \u00e0 l&#8217;utilisation des derni\u00e8res technologies et \u00e0 la vaste compr\u00e9hension des mat\u00e9riaux et de la fabrication, leurs conceptions cr\u00e9ent ... Read more\" \/>\n<meta property=\"og:url\" content=\"https:\/\/creativeformplastics.com\/fr\/outillage-interne\/\" \/>\n<meta property=\"og:site_name\" content=\"Creative Form Plastics\" \/>\n<meta property=\"article:modified_time\" content=\"2023-06-29T19:17:19+00:00\" \/>\n<meta property=\"og:image\" content=\"https:\/\/creativeformplastics.com\/wp-content\/uploads\/2023\/06\/In-house-Tooling-img.jpg\" \/>\n<meta name=\"twitter:card\" content=\"summary_large_image\" \/>\n<meta name=\"twitter:label1\" content=\"Est. reading time\" \/>\n\t<meta name=\"twitter:data1\" content=\"1 minute\" \/>\n<script type=\"application\/ld+json\" class=\"yoast-schema-graph\">{\"@context\":\"https:\/\/schema.org\",\"@graph\":[{\"@type\":\"WebPage\",\"@id\":\"https:\/\/creativeformplastics.com\/fr\/outillage-interne\/\",\"url\":\"https:\/\/creativeformplastics.com\/fr\/outillage-interne\/\",\"name\":\"Outillage interne - Creative Form Plastics\",\"isPartOf\":{\"@id\":\"https:\/\/creativeformplastics.com\/fr\/#website\"},\"datePublished\":\"2023-05-25T07:26:45+00:00\",\"dateModified\":\"2023-06-29T19:17:19+00:00\",\"breadcrumb\":{\"@id\":\"https:\/\/creativeformplastics.com\/fr\/outillage-interne\/#breadcrumb\"},\"inLanguage\":\"fr-FR\",\"potentialAction\":[{\"@type\":\"ReadAction\",\"target\":[\"https:\/\/creativeformplastics.com\/fr\/outillage-interne\/\"]}]},{\"@type\":\"BreadcrumbList\",\"@id\":\"https:\/\/creativeformplastics.com\/fr\/outillage-interne\/#breadcrumb\",\"itemListElement\":[{\"@type\":\"ListItem\",\"position\":1,\"name\":\"Home\",\"item\":\"https:\/\/creativeformplastics.com\/fr\/\"},{\"@type\":\"ListItem\",\"position\":2,\"name\":\"Outillage interne\"}]},{\"@type\":\"WebSite\",\"@id\":\"https:\/\/creativeformplastics.com\/fr\/#website\",\"url\":\"https:\/\/creativeformplastics.com\/fr\/\",\"name\":\"Creative Form Plastics\",\"description\":\"\",\"publisher\":{\"@id\":\"https:\/\/creativeformplastics.com\/fr\/#organization\"},\"potentialAction\":[{\"@type\":\"SearchAction\",\"target\":{\"@type\":\"EntryPoint\",\"urlTemplate\":\"https:\/\/creativeformplastics.com\/fr\/?s={search_term_string}\"},\"query-input\":\"required name=search_term_string\"}],\"inLanguage\":\"fr-FR\"},{\"@type\":\"Organization\",\"@id\":\"https:\/\/creativeformplastics.com\/fr\/#organization\",\"name\":\"Creative Form Plastics\",\"url\":\"https:\/\/creativeformplastics.com\/fr\/\",\"logo\":{\"@type\":\"ImageObject\",\"inLanguage\":\"fr-FR\",\"@id\":\"https:\/\/creativeformplastics.com\/fr\/#\/schema\/logo\/image\/\",\"url\":\"https:\/\/creativeformplastics.com\/wp-content\/uploads\/2023\/05\/logo.png\",\"contentUrl\":\"https:\/\/creativeformplastics.com\/wp-content\/uploads\/2023\/05\/logo.png\",\"width\":347,\"height\":87,\"caption\":\"Creative Form Plastics\"},\"image\":{\"@id\":\"https:\/\/creativeformplastics.com\/fr\/#\/schema\/logo\/image\/\"}}]}<\/script>\n<!-- \/ Yoast SEO Premium plugin. -->","yoast_head_json":{"title":"Outillage interne - Creative Form Plastics","robots":{"index":"index","follow":"follow","max-snippet":"max-snippet:-1","max-image-preview":"max-image-preview:large","max-video-preview":"max-video-preview:-1"},"canonical":"https:\/\/creativeformplastics.com\/fr\/outillage-interne\/","og_locale":"fr_FR","og_type":"article","og_title":"Outillage interne","og_description":"Outillage Interne Notre \u00e9quipe de conception exp\u00e9riment\u00e9e et comp\u00e9tente peut cr\u00e9er ce qui est n\u00e9cessaire pour commercialiser avec succ\u00e8s votre produit. Contactez Nous Notre \u00e9quipe de conception est ax\u00e9e sur la qualit\u00e9 et la cr\u00e9ativit\u00e9. Gr\u00e2ce \u00e0 l&#8217;utilisation des derni\u00e8res technologies et \u00e0 la vaste compr\u00e9hension des mat\u00e9riaux et de la fabrication, leurs conceptions cr\u00e9ent ... Read more","og_url":"https:\/\/creativeformplastics.com\/fr\/outillage-interne\/","og_site_name":"Creative Form Plastics","article_modified_time":"2023-06-29T19:17:19+00:00","og_image":[{"url":"https:\/\/creativeformplastics.com\/wp-content\/uploads\/2023\/06\/In-house-Tooling-img.jpg"}],"twitter_card":"summary_large_image","twitter_misc":{"Est. reading time":"1 minute"},"schema":{"@context":"https:\/\/schema.org","@graph":[{"@type":"WebPage","@id":"https:\/\/creativeformplastics.com\/fr\/outillage-interne\/","url":"https:\/\/creativeformplastics.com\/fr\/outillage-interne\/","name":"Outillage interne - Creative Form Plastics","isPartOf":{"@id":"https:\/\/creativeformplastics.com\/fr\/#website"},"datePublished":"2023-05-25T07:26:45+00:00","dateModified":"2023-06-29T19:17:19+00:00","breadcrumb":{"@id":"https:\/\/creativeformplastics.com\/fr\/outillage-interne\/#breadcrumb"},"inLanguage":"fr-FR","potentialAction":[{"@type":"ReadAction","target":["https:\/\/creativeformplastics.com\/fr\/outillage-interne\/"]}]},{"@type":"BreadcrumbList","@id":"https:\/\/creativeformplastics.com\/fr\/outillage-interne\/#breadcrumb","itemListElement":[{"@type":"ListItem","position":1,"name":"Home","item":"https:\/\/creativeformplastics.com\/fr\/"},{"@type":"ListItem","position":2,"name":"Outillage interne"}]},{"@type":"WebSite","@id":"https:\/\/creativeformplastics.com\/fr\/#website","url":"https:\/\/creativeformplastics.com\/fr\/","name":"Creative Form Plastics","description":"","publisher":{"@id":"https:\/\/creativeformplastics.com\/fr\/#organization"},"potentialAction":[{"@type":"SearchAction","target":{"@type":"EntryPoint","urlTemplate":"https:\/\/creativeformplastics.com\/fr\/?s={search_term_string}"},"query-input":"required name=search_term_string"}],"inLanguage":"fr-FR"},{"@type":"Organization","@id":"https:\/\/creativeformplastics.com\/fr\/#organization","name":"Creative Form Plastics","url":"https:\/\/creativeformplastics.com\/fr\/","logo":{"@type":"ImageObject","inLanguage":"fr-FR","@id":"https:\/\/creativeformplastics.com\/fr\/#\/schema\/logo\/image\/","url":"https:\/\/creativeformplastics.com\/wp-content\/uploads\/2023\/05\/logo.png","contentUrl":"https:\/\/creativeformplastics.com\/wp-content\/uploads\/2023\/05\/logo.png","width":347,"height":87,"caption":"Creative Form Plastics"},"image":{"@id":"https:\/\/creativeformplastics.com\/fr\/#\/schema\/logo\/image\/"}}]}},"_links":{"self":[{"href":"https:\/\/creativeformplastics.com\/fr\/wp-json\/wp\/v2\/pages\/4347","targetHints":{"allow":["GET"]}}],"collection":[{"href":"https:\/\/creativeformplastics.com\/fr\/wp-json\/wp\/v2\/pages"}],"about":[{"href":"https:\/\/creativeformplastics.com\/fr\/wp-json\/wp\/v2\/types\/page"}],"author":[{"embeddable":true,"href":"https:\/\/creativeformplastics.com\/fr\/wp-json\/wp\/v2\/users\/1"}],"replies":[{"embeddable":true,"href":"https:\/\/creativeformplastics.com\/fr\/wp-json\/wp\/v2\/comments?post=4347"}],"version-history":[{"count":61,"href":"https:\/\/creativeformplastics.com\/fr\/wp-json\/wp\/v2\/pages\/4347\/revisions"}],"predecessor-version":[{"id":5878,"href":"https:\/\/creativeformplastics.com\/fr\/wp-json\/wp\/v2\/pages\/4347\/revisions\/5878"}],"wp:attachment":[{"href":"https:\/\/creativeformplastics.com\/fr\/wp-json\/wp\/v2\/media?parent=4347"}],"curies":[{"name":"wp","href":"https:\/\/api.w.org\/{rel}","templated":true}]}}