{"id":4191,"date":"2023-05-22T03:53:35","date_gmt":"2023-05-22T07:53:35","guid":{"rendered":"https:\/\/creativeformplastics.com\/impression-specialisee\/"},"modified":"2023-06-29T15:23:42","modified_gmt":"2023-06-29T19:23:42","slug":"impression-specialisee","status":"publish","type":"page","link":"https:\/\/creativeformplastics.com\/fr\/impression-specialisee\/","title":{"rendered":"Impression Sp\u00e9cialis\u00e9e"},"content":{"rendered":"\t\t<div data-elementor-type=\"wp-page\" data-elementor-id=\"4191\" class=\"elementor elementor-4191 elementor-2452\" data-elementor-post-type=\"page\">\n\t\t\t\t\t\t\t\t\t<section class=\"elementor-section elementor-top-section elementor-element elementor-element-f946220 elementor-section-content-middle hero-sec elementor-section-boxed elementor-section-height-default elementor-section-height-default\" data-id=\"f946220\" data-element_type=\"section\" data-settings=\"{&quot;background_background&quot;:&quot;classic&quot;}\">\n\t\t\t\t\t\t<div class=\"elementor-container elementor-column-gap-default\">\n\t\t\t\t\t<div class=\"elementor-column elementor-col-100 elementor-top-column elementor-element elementor-element-9e03a05\" data-id=\"9e03a05\" data-element_type=\"column\">\n\t\t\t<div class=\"elementor-widget-wrap elementor-element-populated\">\n\t\t\t\t\t\t\t\t<div class=\"elementor-element elementor-element-2af5859 elementor-widget elementor-widget-heading\" data-id=\"2af5859\" data-element_type=\"widget\" data-widget_type=\"heading.default\">\n\t\t\t\t<div class=\"elementor-widget-container\">\n\t\t\t<style>\/*! elementor - v3.14.0 - 26-06-2023 *\/\n.elementor-heading-title{padding:0;margin:0;line-height:1}.elementor-widget-heading .elementor-heading-title[class*=elementor-size-]>a{color:inherit;font-size:inherit;line-height:inherit}.elementor-widget-heading .elementor-heading-title.elementor-size-small{font-size:15px}.elementor-widget-heading .elementor-heading-title.elementor-size-medium{font-size:19px}.elementor-widget-heading .elementor-heading-title.elementor-size-large{font-size:29px}.elementor-widget-heading .elementor-heading-title.elementor-size-xl{font-size:39px}.elementor-widget-heading .elementor-heading-title.elementor-size-xxl{font-size:59px}<\/style><h1 class=\"elementor-heading-title elementor-size-default\">Impression Sp\u00e9cialis\u00e9e\n<\/h1>\t\t<\/div>\n\t\t\t\t<\/div>\n\t\t\t\t<div class=\"elementor-element elementor-element-5e8627d elementor-widget elementor-widget-html\" data-id=\"5e8627d\" data-element_type=\"widget\" data-widget_type=\"html.default\">\n\t\t\t\t<div class=\"elementor-widget-container\">\n\t\t\t<p class=\"white-txt\">S'il a une surface, nous pouvons imprimer dessus\u2026 Obtenez le facteur WOW pour votre pr\u00e9sentoir ou emballage en imprimant le logo de votre entreprise, votre slogan ou d'autres images sur une grande vari\u00e9t\u00e9 de mat\u00e9riaux ou de formes avec nos services d'impression.<\/p>\t\t<\/div>\n\t\t\t\t<\/div>\n\t\t\t\t<div class=\"elementor-element elementor-element-b0068dd elementor-widget elementor-widget-button\" data-id=\"b0068dd\" data-element_type=\"widget\" data-widget_type=\"button.default\">\n\t\t\t\t<div class=\"elementor-widget-container\">\n\t\t\t\t\t<div class=\"elementor-button-wrapper\">\n\t\t\t<a class=\"elementor-button elementor-button-link elementor-size-sm\" href=\"\/fr\/contactez-nous\/\">\n\t\t\t\t\t\t<span class=\"elementor-button-content-wrapper\">\n\t\t\t\t\t\t<span class=\"elementor-button-text\">Contactez Nous<\/span>\n\t\t<\/span>\n\t\t\t\t\t<\/a>\n\t\t<\/div>\n\t\t\t\t<\/div>\n\t\t\t\t<\/div>\n\t\t\t\t\t<\/div>\n\t\t<\/div>\n\t\t\t\t\t\t\t<\/div>\n\t\t<\/section>\n\t\t\t\t<section class=\"elementor-section elementor-top-section elementor-element elementor-element-9ae4eac elementor-section-boxed elementor-section-height-default elementor-section-height-default\" data-id=\"9ae4eac\" data-element_type=\"section\">\n\t\t\t\t\t\t<div class=\"elementor-container elementor-column-gap-default\">\n\t\t\t\t\t<div class=\"elementor-column elementor-col-50 elementor-top-column elementor-element elementor-element-2946cc7\" data-id=\"2946cc7\" data-element_type=\"column\">\n\t\t\t<div class=\"elementor-widget-wrap elementor-element-populated\">\n\t\t\t\t\t\t\t\t<div class=\"elementor-element elementor-element-ddfe852 elementor-widget elementor-widget-image\" data-id=\"ddfe852\" data-element_type=\"widget\" data-widget_type=\"image.default\">\n\t\t\t\t<div class=\"elementor-widget-container\">\n\t\t\t<style>\/*! elementor - v3.14.0 - 26-06-2023 *\/\n.elementor-widget-image{text-align:center}.elementor-widget-image a{display:inline-block}.elementor-widget-image a img[src$=\".svg\"]{width:48px}.elementor-widget-image img{vertical-align:middle;display:inline-block}<\/style>\t\t\t\t\t\t\t\t\t\t\t\t<img decoding=\"async\" width=\"168\" height=\"173\" src=\"https:\/\/creativeformplastics.com\/wp-content\/uploads\/2023\/05\/Specialized-printing_img_1.jpg\" class=\"attachment-full size-full wp-image-2466\" alt=\"\" \/>\t\t\t\t\t\t\t\t\t\t\t\t\t\t\t<\/div>\n\t\t\t\t<\/div>\n\t\t\t\t\t<\/div>\n\t\t<\/div>\n\t\t\t\t<div class=\"elementor-column elementor-col-50 elementor-top-column elementor-element elementor-element-1538c69\" data-id=\"1538c69\" data-element_type=\"column\">\n\t\t\t<div class=\"elementor-widget-wrap elementor-element-populated\">\n\t\t\t\t\t\t\t\t<div class=\"elementor-element elementor-element-3334268 creative_para elementor-widget elementor-widget-html\" data-id=\"3334268\" data-element_type=\"widget\" data-widget_type=\"html.default\">\n\t\t\t\t<div class=\"elementor-widget-container\">\n\t\t\t<h2>S\u00e9rigraphie\n    \n<\/h2><p>\nCreative Form Plastics combine pr\u00e9cision, art et technologie pour fournir la s\u00e9rigraphie de la plus haute qualit\u00e9 disponible. Notre s\u00e9rigraphie interne offre aux clients une solution d'achat unique. CFP a les capacit\u00e9s de s\u00e9rigraphier sur une vari\u00e9t\u00e9 de substrats et de mat\u00e9riaux, y compris les plastiques, le vinyle, les d\u00e9calcomanies, l'acier inoxydable, l'aluminium et les m\u00e9taux peints. Vous pouvez choisir parmi nos nombreuses couleurs standard ou nous pouvons d\u00e9velopper des couleurs personnalis\u00e9es sp\u00e9cifiquement pour votre projet.<\/p>\n\n\n\n\t\t<\/div>\n\t\t\t\t<\/div>\n\t\t\t\t\t<\/div>\n\t\t<\/div>\n\t\t\t\t\t\t\t<\/div>\n\t\t<\/section>\n\t\t\t\t<section class=\"elementor-section elementor-top-section elementor-element elementor-element-e1c2bd5 elementor-reverse-mobile elementor-section-boxed elementor-section-height-default elementor-section-height-default\" data-id=\"e1c2bd5\" data-element_type=\"section\">\n\t\t\t\t\t\t<div class=\"elementor-container elementor-column-gap-default\">\n\t\t\t\t\t<div class=\"elementor-column elementor-col-50 elementor-top-column elementor-element elementor-element-da43fbd\" data-id=\"da43fbd\" data-element_type=\"column\">\n\t\t\t<div class=\"elementor-widget-wrap elementor-element-populated\">\n\t\t\t\t\t\t\t\t<div class=\"elementor-element elementor-element-455e456 creative_para elementor-widget elementor-widget-html\" data-id=\"455e456\" data-element_type=\"widget\" data-widget_type=\"html.default\">\n\t\t\t\t<div class=\"elementor-widget-container\">\n\t\t\t<h2>Timbre Chaud\n    \n<\/h2><p>\nL'estampage \u00e0 chaud est un processus sp\u00e9cialis\u00e9 qui utilise la chaleur et un mat\u00e9riau de film pour transf\u00e9rer une image sur du plastique ou d'autres substrats. Il est \u00e9galement connu sous le nom d'estampage de feuille. Ce processus est la meilleure m\u00e9thode pour obtenir une impression or ou argent car la feuille pr\u00e9sente un aspect m\u00e9tallique plus riche alors que les syst\u00e8mes d'impression \u00e0 base d'encre ont tendance \u00e0 laisser l'or ou l'argent avec un aspect terne.<\/p>\n\n\n\n\t\t<\/div>\n\t\t\t\t<\/div>\n\t\t\t\t\t<\/div>\n\t\t<\/div>\n\t\t\t\t<div class=\"elementor-column elementor-col-50 elementor-top-column elementor-element elementor-element-f528aa4\" data-id=\"f528aa4\" data-element_type=\"column\">\n\t\t\t<div class=\"elementor-widget-wrap elementor-element-populated\">\n\t\t\t\t\t\t\t\t<div class=\"elementor-element elementor-element-056738c elementor-widget elementor-widget-image\" data-id=\"056738c\" data-element_type=\"widget\" data-widget_type=\"image.default\">\n\t\t\t\t<div class=\"elementor-widget-container\">\n\t\t\t\t\t\t\t\t\t\t\t\t\t\t\t<img decoding=\"async\" width=\"236\" height=\"157\" src=\"https:\/\/creativeformplastics.com\/wp-content\/uploads\/2023\/05\/Specialized-printing_img2.png\" class=\"attachment-full size-full wp-image-2464\" alt=\"\" \/>\t\t\t\t\t\t\t\t\t\t\t\t\t\t\t<\/div>\n\t\t\t\t<\/div>\n\t\t\t\t\t<\/div>\n\t\t<\/div>\n\t\t\t\t\t\t\t<\/div>\n\t\t<\/section>\n\t\t\t\t<section class=\"elementor-section elementor-top-section elementor-element elementor-element-7757da6 elementor-hidden-desktop elementor-hidden-tablet elementor-hidden-mobile elementor-section-boxed elementor-section-height-default elementor-section-height-default\" data-id=\"7757da6\" data-element_type=\"section\">\n\t\t\t\t\t\t<div class=\"elementor-container elementor-column-gap-default\">\n\t\t\t\t\t<div class=\"elementor-column elementor-col-50 elementor-top-column elementor-element elementor-element-5e65ce2\" data-id=\"5e65ce2\" data-element_type=\"column\">\n\t\t\t<div class=\"elementor-widget-wrap elementor-element-populated\">\n\t\t\t\t\t\t\t\t<div class=\"elementor-element elementor-element-dcb6dbe elementor-widget elementor-widget-image\" data-id=\"dcb6dbe\" data-element_type=\"widget\" data-widget_type=\"image.default\">\n\t\t\t\t<div class=\"elementor-widget-container\">\n\t\t\t\t\t\t\t\t\t\t\t\t\t\t\t<img decoding=\"async\" width=\"225\" height=\"162\" src=\"https:\/\/creativeformplastics.com\/wp-content\/uploads\/2023\/05\/Specialized-printing_img3.jpg\" class=\"attachment-full size-full wp-image-2468\" alt=\"\" \/>\t\t\t\t\t\t\t\t\t\t\t\t\t\t\t<\/div>\n\t\t\t\t<\/div>\n\t\t\t\t\t<\/div>\n\t\t<\/div>\n\t\t\t\t<div class=\"elementor-column elementor-col-50 elementor-top-column elementor-element elementor-element-6fb24bd\" data-id=\"6fb24bd\" data-element_type=\"column\">\n\t\t\t<div class=\"elementor-widget-wrap elementor-element-populated\">\n\t\t\t\t\t\t\t\t<div class=\"elementor-element elementor-element-e692eea creative_para elementor-widget elementor-widget-html\" data-id=\"e692eea\" data-element_type=\"widget\" data-widget_type=\"html.default\">\n\t\t\t\t<div class=\"elementor-widget-container\">\n\t\t\t<h2>Tampographie\n    \n<\/h2><p>\nLa tampographie est un proc\u00e9d\u00e9 d'impression utilis\u00e9 pour imprimer sur des produits autrement impossibles en raison de formes \u00e9tranges et de surfaces courbes. Cela ouvre des possibilit\u00e9s de conception en permettant l'impression d'\u00e9l\u00e9ments graphiques tels que des logos, des noms de produits et des textes informatifs. Il est largement utilis\u00e9 sur des produits tels que des articles promotionnels, des \u00e9quipements sportifs et \u00e9lectroniques et des jouets.<\/p>\n\n\n\n\t\t<\/div>\n\t\t\t\t<\/div>\n\t\t\t\t\t<\/div>\n\t\t<\/div>\n\t\t\t\t\t\t\t<\/div>\n\t\t<\/section>\n\t\t\t\t<section class=\"elementor-section elementor-top-section elementor-element elementor-element-94234f6 elementor-section-boxed elementor-section-height-default elementor-section-height-default\" data-id=\"94234f6\" data-element_type=\"section\">\n\t\t\t\t\t\t<div class=\"elementor-container elementor-column-gap-default\">\n\t\t\t\t\t<div class=\"elementor-column elementor-col-100 elementor-top-column elementor-element elementor-element-aa8a66f\" data-id=\"aa8a66f\" data-element_type=\"column\">\n\t\t\t<div class=\"elementor-widget-wrap elementor-element-populated\">\n\t\t\t\t\t\t\t\t<section class=\"elementor-section elementor-inner-section elementor-element elementor-element-637610b contact_us elementor-reverse-mobile elementor-section-boxed elementor-section-height-default elementor-section-height-default\" data-id=\"637610b\" data-element_type=\"section\" data-settings=\"{&quot;background_background&quot;:&quot;classic&quot;}\">\n\t\t\t\t\t\t<div class=\"elementor-container elementor-column-gap-default\">\n\t\t\t\t\t<div class=\"elementor-column elementor-col-50 elementor-inner-column elementor-element elementor-element-3d6345e\" data-id=\"3d6345e\" data-element_type=\"column\">\n\t\t\t<div class=\"elementor-widget-wrap elementor-element-populated\">\n\t\t\t\t\t\t\t\t<div class=\"elementor-element elementor-element-48b7b62 elementor-widget elementor-widget-html\" data-id=\"48b7b62\" data-element_type=\"widget\" data-widget_type=\"html.default\">\n\t\t\t\t<div class=\"elementor-widget-container\">\n\t\t\t    <h2 class=\"white-txt capitalize-txt \"><span>Contactez-nous<\/span> pour\r\n    donner <br class=\"desk-br\">Vous une citation.<\/h2>\r\n    <h4 class=\"white-txt contact-box-txt\">Appelez ou envoyez-nous un e-mail et parlez-nous de vos besoins et de vos objectifs en mati\u00e8re de produits. Notre \u00e9quipe de vente et de conception se fera un plaisir de travailler avec vous pour s'assurer que vos besoins et vos attentes sont satisfaits.<\/h4>\t\t<\/div>\n\t\t\t\t<\/div>\n\t\t\t\t<div class=\"elementor-element elementor-element-91bc2bc elementor-widget elementor-widget-button\" data-id=\"91bc2bc\" data-element_type=\"widget\" data-widget_type=\"button.default\">\n\t\t\t\t<div class=\"elementor-widget-container\">\n\t\t\t\t\t<div class=\"elementor-button-wrapper\">\n\t\t\t<a class=\"elementor-button elementor-button-link elementor-size-sm\" href=\"\/fr\/Contactez-nous\">\n\t\t\t\t\t\t<span class=\"elementor-button-content-wrapper\">\n\t\t\t\t\t\t<span class=\"elementor-button-text\">Contactez nous<\/span>\n\t\t<\/span>\n\t\t\t\t\t<\/a>\n\t\t<\/div>\n\t\t\t\t<\/div>\n\t\t\t\t<\/div>\n\t\t\t\t\t<\/div>\n\t\t<\/div>\n\t\t\t\t<div class=\"elementor-column elementor-col-50 elementor-inner-column elementor-element elementor-element-00980bb contact-img-sec\" data-id=\"00980bb\" data-element_type=\"column\">\n\t\t\t<div class=\"elementor-widget-wrap elementor-element-populated\">\n\t\t\t\t\t\t\t\t<div class=\"elementor-element elementor-element-638f0be elementor-widget__width-initial elementor-widget elementor-widget-image\" data-id=\"638f0be\" data-element_type=\"widget\" data-widget_type=\"image.default\">\n\t\t\t\t<div class=\"elementor-widget-container\">\n\t\t\t\t\t\t\t\t\t\t\t\t\t\t\t<img decoding=\"async\" width=\"412\" height=\"486\" src=\"https:\/\/creativeformplastics.com\/wp-content\/uploads\/2023\/06\/cfp-contact-img.png\" class=\"attachment-full size-full wp-image-5835\" alt=\"\" srcset=\"https:\/\/creativeformplastics.com\/wp-content\/uploads\/2023\/06\/cfp-contact-img.png 412w, https:\/\/creativeformplastics.com\/wp-content\/uploads\/2023\/06\/cfp-contact-img-254x300.png 254w\" sizes=\"(max-width: 412px) 100vw, 412px\" \/>\t\t\t\t\t\t\t\t\t\t\t\t\t\t\t<\/div>\n\t\t\t\t<\/div>\n\t\t\t\t\t<\/div>\n\t\t<\/div>\n\t\t\t\t\t\t\t<\/div>\n\t\t<\/section>\n\t\t\t\t\t<\/div>\n\t\t<\/div>\n\t\t\t\t\t\t\t<\/div>\n\t\t<\/section>\n\t\t\t\t\t\t\t<\/div>\n\t\t","protected":false},"excerpt":{"rendered":"<p>Impression Sp\u00e9cialis\u00e9e S&#8217;il a une surface, nous pouvons imprimer dessus\u2026 Obtenez le facteur WOW pour votre pr\u00e9sentoir ou emballage en imprimant le logo de votre entreprise, votre slogan ou d&#8217;autres images sur une grande vari\u00e9t\u00e9 de mat\u00e9riaux ou de formes avec nos services d&#8217;impression. Contactez Nous S\u00e9rigraphie Creative Form Plastics combine pr\u00e9cision, art et technologie &#8230; <a title=\"Impression Sp\u00e9cialis\u00e9e\" class=\"read-more\" href=\"https:\/\/creativeformplastics.com\/fr\/impression-specialisee\/\" aria-label=\"More on Impression Sp\u00e9cialis\u00e9e\">Read more<\/a><\/p>\n","protected":false},"author":1,"featured_media":0,"parent":0,"menu_order":0,"comment_status":"closed","ping_status":"closed","template":"elementor_header_footer","meta":{"footnotes":""},"class_list":["post-4191","page","type-page","status-publish"],"yoast_head":"<!-- This site is optimized with the Yoast SEO Premium plugin v20.10 (Yoast SEO v20.10) - https:\/\/yoast.com\/wordpress\/plugins\/seo\/ -->\n<title>Impression Sp\u00e9cialis\u00e9e - Creative Form Plastics<\/title>\n<meta name=\"robots\" content=\"index, follow, max-snippet:-1, max-image-preview:large, max-video-preview:-1\" \/>\n<link rel=\"canonical\" href=\"https:\/\/creativeformplastics.com\/fr\/impression-specialisee\/\" \/>\n<meta property=\"og:locale\" content=\"fr_FR\" \/>\n<meta property=\"og:type\" content=\"article\" \/>\n<meta property=\"og:title\" content=\"Impression Sp\u00e9cialis\u00e9e\" \/>\n<meta property=\"og:description\" content=\"Impression Sp\u00e9cialis\u00e9e S&#8217;il a une surface, nous pouvons imprimer dessus\u2026 Obtenez le facteur WOW pour votre pr\u00e9sentoir ou emballage en imprimant le logo de votre entreprise, votre slogan ou d&#8217;autres images sur une grande vari\u00e9t\u00e9 de mat\u00e9riaux ou de formes avec nos services d&#8217;impression. Contactez Nous S\u00e9rigraphie Creative Form Plastics combine pr\u00e9cision, art et technologie ... Read more\" \/>\n<meta property=\"og:url\" content=\"https:\/\/creativeformplastics.com\/fr\/impression-specialisee\/\" \/>\n<meta property=\"og:site_name\" content=\"Creative Form Plastics\" \/>\n<meta property=\"article:modified_time\" content=\"2023-06-29T19:23:42+00:00\" \/>\n<meta property=\"og:image\" content=\"https:\/\/creativeformplastics.com\/wp-content\/uploads\/2023\/05\/Specialized-printing_img_1.jpg\" \/>\n<meta name=\"twitter:card\" content=\"summary_large_image\" \/>\n<meta name=\"twitter:label1\" content=\"Est. reading time\" \/>\n\t<meta name=\"twitter:data1\" content=\"2 minutes\" \/>\n<script type=\"application\/ld+json\" class=\"yoast-schema-graph\">{\"@context\":\"https:\/\/schema.org\",\"@graph\":[{\"@type\":\"WebPage\",\"@id\":\"https:\/\/creativeformplastics.com\/fr\/impression-specialisee\/\",\"url\":\"https:\/\/creativeformplastics.com\/fr\/impression-specialisee\/\",\"name\":\"Impression Sp\u00e9cialis\u00e9e - Creative Form Plastics\",\"isPartOf\":{\"@id\":\"https:\/\/creativeformplastics.com\/fr\/#website\"},\"datePublished\":\"2023-05-22T07:53:35+00:00\",\"dateModified\":\"2023-06-29T19:23:42+00:00\",\"breadcrumb\":{\"@id\":\"https:\/\/creativeformplastics.com\/fr\/impression-specialisee\/#breadcrumb\"},\"inLanguage\":\"fr-FR\",\"potentialAction\":[{\"@type\":\"ReadAction\",\"target\":[\"https:\/\/creativeformplastics.com\/fr\/impression-specialisee\/\"]}]},{\"@type\":\"BreadcrumbList\",\"@id\":\"https:\/\/creativeformplastics.com\/fr\/impression-specialisee\/#breadcrumb\",\"itemListElement\":[{\"@type\":\"ListItem\",\"position\":1,\"name\":\"Home\",\"item\":\"https:\/\/creativeformplastics.com\/fr\/\"},{\"@type\":\"ListItem\",\"position\":2,\"name\":\"Impression Sp\u00e9cialis\u00e9e\"}]},{\"@type\":\"WebSite\",\"@id\":\"https:\/\/creativeformplastics.com\/fr\/#website\",\"url\":\"https:\/\/creativeformplastics.com\/fr\/\",\"name\":\"Creative Form Plastics\",\"description\":\"\",\"publisher\":{\"@id\":\"https:\/\/creativeformplastics.com\/fr\/#organization\"},\"potentialAction\":[{\"@type\":\"SearchAction\",\"target\":{\"@type\":\"EntryPoint\",\"urlTemplate\":\"https:\/\/creativeformplastics.com\/fr\/?s={search_term_string}\"},\"query-input\":\"required name=search_term_string\"}],\"inLanguage\":\"fr-FR\"},{\"@type\":\"Organization\",\"@id\":\"https:\/\/creativeformplastics.com\/fr\/#organization\",\"name\":\"Creative Form Plastics\",\"url\":\"https:\/\/creativeformplastics.com\/fr\/\",\"logo\":{\"@type\":\"ImageObject\",\"inLanguage\":\"fr-FR\",\"@id\":\"https:\/\/creativeformplastics.com\/fr\/#\/schema\/logo\/image\/\",\"url\":\"https:\/\/creativeformplastics.com\/wp-content\/uploads\/2023\/05\/logo.png\",\"contentUrl\":\"https:\/\/creativeformplastics.com\/wp-content\/uploads\/2023\/05\/logo.png\",\"width\":347,\"height\":87,\"caption\":\"Creative Form Plastics\"},\"image\":{\"@id\":\"https:\/\/creativeformplastics.com\/fr\/#\/schema\/logo\/image\/\"}}]}<\/script>\n<!-- \/ Yoast SEO Premium plugin. -->","yoast_head_json":{"title":"Impression Sp\u00e9cialis\u00e9e - Creative Form Plastics","robots":{"index":"index","follow":"follow","max-snippet":"max-snippet:-1","max-image-preview":"max-image-preview:large","max-video-preview":"max-video-preview:-1"},"canonical":"https:\/\/creativeformplastics.com\/fr\/impression-specialisee\/","og_locale":"fr_FR","og_type":"article","og_title":"Impression Sp\u00e9cialis\u00e9e","og_description":"Impression Sp\u00e9cialis\u00e9e S&#8217;il a une surface, nous pouvons imprimer dessus\u2026 Obtenez le facteur WOW pour votre pr\u00e9sentoir ou emballage en imprimant le logo de votre entreprise, votre slogan ou d&#8217;autres images sur une grande vari\u00e9t\u00e9 de mat\u00e9riaux ou de formes avec nos services d&#8217;impression. Contactez Nous S\u00e9rigraphie Creative Form Plastics combine pr\u00e9cision, art et technologie ... Read more","og_url":"https:\/\/creativeformplastics.com\/fr\/impression-specialisee\/","og_site_name":"Creative Form Plastics","article_modified_time":"2023-06-29T19:23:42+00:00","og_image":[{"url":"https:\/\/creativeformplastics.com\/wp-content\/uploads\/2023\/05\/Specialized-printing_img_1.jpg"}],"twitter_card":"summary_large_image","twitter_misc":{"Est. reading time":"2 minutes"},"schema":{"@context":"https:\/\/schema.org","@graph":[{"@type":"WebPage","@id":"https:\/\/creativeformplastics.com\/fr\/impression-specialisee\/","url":"https:\/\/creativeformplastics.com\/fr\/impression-specialisee\/","name":"Impression Sp\u00e9cialis\u00e9e - Creative Form Plastics","isPartOf":{"@id":"https:\/\/creativeformplastics.com\/fr\/#website"},"datePublished":"2023-05-22T07:53:35+00:00","dateModified":"2023-06-29T19:23:42+00:00","breadcrumb":{"@id":"https:\/\/creativeformplastics.com\/fr\/impression-specialisee\/#breadcrumb"},"inLanguage":"fr-FR","potentialAction":[{"@type":"ReadAction","target":["https:\/\/creativeformplastics.com\/fr\/impression-specialisee\/"]}]},{"@type":"BreadcrumbList","@id":"https:\/\/creativeformplastics.com\/fr\/impression-specialisee\/#breadcrumb","itemListElement":[{"@type":"ListItem","position":1,"name":"Home","item":"https:\/\/creativeformplastics.com\/fr\/"},{"@type":"ListItem","position":2,"name":"Impression Sp\u00e9cialis\u00e9e"}]},{"@type":"WebSite","@id":"https:\/\/creativeformplastics.com\/fr\/#website","url":"https:\/\/creativeformplastics.com\/fr\/","name":"Creative Form Plastics","description":"","publisher":{"@id":"https:\/\/creativeformplastics.com\/fr\/#organization"},"potentialAction":[{"@type":"SearchAction","target":{"@type":"EntryPoint","urlTemplate":"https:\/\/creativeformplastics.com\/fr\/?s={search_term_string}"},"query-input":"required name=search_term_string"}],"inLanguage":"fr-FR"},{"@type":"Organization","@id":"https:\/\/creativeformplastics.com\/fr\/#organization","name":"Creative Form Plastics","url":"https:\/\/creativeformplastics.com\/fr\/","logo":{"@type":"ImageObject","inLanguage":"fr-FR","@id":"https:\/\/creativeformplastics.com\/fr\/#\/schema\/logo\/image\/","url":"https:\/\/creativeformplastics.com\/wp-content\/uploads\/2023\/05\/logo.png","contentUrl":"https:\/\/creativeformplastics.com\/wp-content\/uploads\/2023\/05\/logo.png","width":347,"height":87,"caption":"Creative Form Plastics"},"image":{"@id":"https:\/\/creativeformplastics.com\/fr\/#\/schema\/logo\/image\/"}}]}},"_links":{"self":[{"href":"https:\/\/creativeformplastics.com\/fr\/wp-json\/wp\/v2\/pages\/4191","targetHints":{"allow":["GET"]}}],"collection":[{"href":"https:\/\/creativeformplastics.com\/fr\/wp-json\/wp\/v2\/pages"}],"about":[{"href":"https:\/\/creativeformplastics.com\/fr\/wp-json\/wp\/v2\/types\/page"}],"author":[{"embeddable":true,"href":"https:\/\/creativeformplastics.com\/fr\/wp-json\/wp\/v2\/users\/1"}],"replies":[{"embeddable":true,"href":"https:\/\/creativeformplastics.com\/fr\/wp-json\/wp\/v2\/comments?post=4191"}],"version-history":[{"count":64,"href":"https:\/\/creativeformplastics.com\/fr\/wp-json\/wp\/v2\/pages\/4191\/revisions"}],"predecessor-version":[{"id":5892,"href":"https:\/\/creativeformplastics.com\/fr\/wp-json\/wp\/v2\/pages\/4191\/revisions\/5892"}],"wp:attachment":[{"href":"https:\/\/creativeformplastics.com\/fr\/wp-json\/wp\/v2\/media?parent=4191"}],"curies":[{"name":"wp","href":"https:\/\/api.w.org\/{rel}","templated":true}]}}