{"id":3145,"date":"2023-05-05T03:44:36","date_gmt":"2023-05-05T07:44:36","guid":{"rendered":"https:\/\/creativeformplastics.com\/about-us\/"},"modified":"2023-07-05T03:52:13","modified_gmt":"2023-07-05T07:52:13","slug":"a-propos","status":"publish","type":"page","link":"https:\/\/creativeformplastics.com\/fr\/a-propos\/","title":{"rendered":"\u00c0 Propos"},"content":{"rendered":"\t\t<div data-elementor-type=\"wp-page\" data-elementor-id=\"3145\" class=\"elementor elementor-3145 elementor-373\" data-elementor-post-type=\"page\">\n\t\t\t\t\t\t\t\t\t<section class=\"elementor-section elementor-top-section elementor-element elementor-element-f946220 elementor-section-content-middle hero-sec elementor-section-boxed elementor-section-height-default elementor-section-height-default\" data-id=\"f946220\" data-element_type=\"section\" data-settings=\"{&quot;background_background&quot;:&quot;classic&quot;}\">\n\t\t\t\t\t\t<div class=\"elementor-container elementor-column-gap-default\">\n\t\t\t\t\t<div class=\"elementor-column elementor-col-100 elementor-top-column elementor-element elementor-element-9e03a05\" data-id=\"9e03a05\" data-element_type=\"column\">\n\t\t\t<div class=\"elementor-widget-wrap elementor-element-populated\">\n\t\t\t\t\t\t\t\t<div class=\"elementor-element elementor-element-2af5859 elementor-widget elementor-widget-heading\" data-id=\"2af5859\" data-element_type=\"widget\" data-widget_type=\"heading.default\">\n\t\t\t\t<div class=\"elementor-widget-container\">\n\t\t\t<style>\/*! elementor - v3.14.0 - 26-06-2023 *\/\n.elementor-heading-title{padding:0;margin:0;line-height:1}.elementor-widget-heading .elementor-heading-title[class*=elementor-size-]>a{color:inherit;font-size:inherit;line-height:inherit}.elementor-widget-heading .elementor-heading-title.elementor-size-small{font-size:15px}.elementor-widget-heading .elementor-heading-title.elementor-size-medium{font-size:19px}.elementor-widget-heading .elementor-heading-title.elementor-size-large{font-size:29px}.elementor-widget-heading .elementor-heading-title.elementor-size-xl{font-size:39px}.elementor-widget-heading .elementor-heading-title.elementor-size-xxl{font-size:59px}<\/style><h1 class=\"elementor-heading-title elementor-size-default\">De Grand Produits\nExigent de Superbes designs!<\/h1>\t\t<\/div>\n\t\t\t\t<\/div>\n\t\t\t\t<div class=\"elementor-element elementor-element-5e8627d elementor-widget elementor-widget-html\" data-id=\"5e8627d\" data-element_type=\"widget\" data-widget_type=\"html.default\">\n\t\t\t\t<div class=\"elementor-widget-container\">\n\t\t\t<p class=\"white-txt\">Si votre produit n'attire pas les acheteurs, pourquoi seraient-ils oblig\u00e9s de l'acheter ?\r\n<\/p>\t\t<\/div>\n\t\t\t\t<\/div>\n\t\t\t\t<div class=\"elementor-element elementor-element-b0068dd elementor-widget elementor-widget-button\" data-id=\"b0068dd\" data-element_type=\"widget\" data-widget_type=\"button.default\">\n\t\t\t\t<div class=\"elementor-widget-container\">\n\t\t\t\t\t<div class=\"elementor-button-wrapper\">\n\t\t\t<a class=\"elementor-button elementor-button-link elementor-size-sm\" href=\"\/fr\/contactez-nous\/\">\n\t\t\t\t\t\t<span class=\"elementor-button-content-wrapper\">\n\t\t\t\t\t\t<span class=\"elementor-button-text\">Contactez nous<\/span>\n\t\t<\/span>\n\t\t\t\t\t<\/a>\n\t\t<\/div>\n\t\t\t\t<\/div>\n\t\t\t\t<\/div>\n\t\t\t\t\t<\/div>\n\t\t<\/div>\n\t\t\t\t\t\t\t<\/div>\n\t\t<\/section>\n\t\t\t\t<section class=\"elementor-section elementor-top-section elementor-element elementor-element-9ae4eac elementor-section-boxed elementor-section-height-default elementor-section-height-default\" data-id=\"9ae4eac\" data-element_type=\"section\">\n\t\t\t\t\t\t<div class=\"elementor-container elementor-column-gap-default\">\n\t\t\t\t\t<div class=\"elementor-column elementor-col-50 elementor-top-column elementor-element elementor-element-2946cc7\" data-id=\"2946cc7\" data-element_type=\"column\">\n\t\t\t<div class=\"elementor-widget-wrap elementor-element-populated\">\n\t\t\t\t\t\t\t\t<div class=\"elementor-element elementor-element-ddfe852 elementor-widget elementor-widget-image\" data-id=\"ddfe852\" data-element_type=\"widget\" data-widget_type=\"image.default\">\n\t\t\t\t<div class=\"elementor-widget-container\">\n\t\t\t<style>\/*! elementor - v3.14.0 - 26-06-2023 *\/\n.elementor-widget-image{text-align:center}.elementor-widget-image a{display:inline-block}.elementor-widget-image a img[src$=\".svg\"]{width:48px}.elementor-widget-image img{vertical-align:middle;display:inline-block}<\/style>\t\t\t\t\t\t\t\t\t\t\t\t<img decoding=\"async\" width=\"900\" height=\"1070\" src=\"https:\/\/creativeformplastics.com\/wp-content\/uploads\/2023\/05\/Creative-form-plastics_frnewimg.png\" class=\"attachment-full size-full wp-image-4268\" alt=\"\" srcset=\"https:\/\/creativeformplastics.com\/wp-content\/uploads\/2023\/05\/Creative-form-plastics_frnewimg.png 900w, https:\/\/creativeformplastics.com\/wp-content\/uploads\/2023\/05\/Creative-form-plastics_frnewimg-252x300.png 252w, https:\/\/creativeformplastics.com\/wp-content\/uploads\/2023\/05\/Creative-form-plastics_frnewimg-861x1024.png 861w, https:\/\/creativeformplastics.com\/wp-content\/uploads\/2023\/05\/Creative-form-plastics_frnewimg-768x913.png 768w\" sizes=\"(max-width: 900px) 100vw, 900px\" \/>\t\t\t\t\t\t\t\t\t\t\t\t\t\t\t<\/div>\n\t\t\t\t<\/div>\n\t\t\t\t\t<\/div>\n\t\t<\/div>\n\t\t\t\t<div class=\"elementor-column elementor-col-50 elementor-top-column elementor-element elementor-element-1538c69\" data-id=\"1538c69\" data-element_type=\"column\">\n\t\t\t<div class=\"elementor-widget-wrap elementor-element-populated\">\n\t\t\t\t\t\t\t\t<div class=\"elementor-element elementor-element-97dbe62 elementor-widget elementor-widget-heading\" data-id=\"97dbe62\" data-element_type=\"widget\" data-widget_type=\"heading.default\">\n\t\t\t\t<div class=\"elementor-widget-container\">\n\t\t\t<h2 class=\"elementor-heading-title elementor-size-default\">Pourquoi Nous?<\/h2>\t\t<\/div>\n\t\t\t\t<\/div>\n\t\t\t\t<div class=\"elementor-element elementor-element-3334268 creative_para elementor-widget elementor-widget-html\" data-id=\"3334268\" data-element_type=\"widget\" data-widget_type=\"html.default\">\n\t\t\t\t<div class=\"elementor-widget-container\">\n\t\t\t<p>Nous offrons des solutions thermoform\u00e9es et fabriqu\u00e9es con\u00e7ues sur mesure avec une flexibilit\u00e9 de petites \u00e0 grandes s\u00e9ries de production avec des d\u00e9lais d'ex\u00e9cution rapides.\r\n<\/p>\r\n\r\n<p>Les faibles volumes ne sont pas un probl\u00e8me et ne devraient pas vous dissuader d'envisager une solution con\u00e7ue sur mesure pour vos besoins d'affichage ou d'emballage.<\/p>\r\n\r\n<p>Nous accueillons les d\u00e9fis et traitons chaque projet, peu importe sa taille, sa complexit\u00e9 ou sa port\u00e9e, avec un soin et une attention individuels.<\/p>\r\n\r\n<p>Chez Creative Form Plastics, notre objectif est d'\u00e9tablir des relations avec nos partenaires qui durent au-del\u00e0 de la vente initiale. Nous sommes tr\u00e8s fiers d'offrir le plus haut niveau de service de l'industrie.\r\n<\/p>\r\n\r\n\t\t<\/div>\n\t\t\t\t<\/div>\n\t\t\t\t\t<\/div>\n\t\t<\/div>\n\t\t\t\t\t\t\t<\/div>\n\t\t<\/section>\n\t\t\t\t<section class=\"elementor-section elementor-top-section elementor-element elementor-element-cee76ac elementor-reverse-mobile elementor-section-boxed elementor-section-height-default elementor-section-height-default\" data-id=\"cee76ac\" data-element_type=\"section\">\n\t\t\t\t\t\t<div class=\"elementor-container elementor-column-gap-default\">\n\t\t\t\t\t<div class=\"elementor-column elementor-col-50 elementor-top-column elementor-element elementor-element-426a541\" data-id=\"426a541\" data-element_type=\"column\" data-settings=\"{&quot;background_background&quot;:&quot;classic&quot;}\">\n\t\t\t<div class=\"elementor-widget-wrap elementor-element-populated\">\n\t\t\t\t\t\t\t\t<div class=\"elementor-element elementor-element-921bd3f elementor-widget elementor-widget-heading\" data-id=\"921bd3f\" data-element_type=\"widget\" data-widget_type=\"heading.default\">\n\t\t\t\t<div class=\"elementor-widget-container\">\n\t\t\t<h2 class=\"elementor-heading-title elementor-size-default\">Solutions D'affichage<\/h2>\t\t<\/div>\n\t\t\t\t<\/div>\n\t\t\t\t<div class=\"elementor-element elementor-element-0f48e55 elementor-widget elementor-widget-html\" data-id=\"0f48e55\" data-element_type=\"widget\" data-widget_type=\"html.default\">\n\t\t\t\t<div class=\"elementor-widget-container\">\n\t\t\t<div class=\"thermolist capitalize-txt\">\n    <ul>\n        <li>Pr\u00e9sentoirs thermoform\u00e9s\n<\/li>\n<li>Plateaux d'insertion thermoform\u00e9s<\/li>\n<li>Affichage Fabriqu\u00e9 en acrylique et en plastique<\/li>\n<li>Pr\u00e9sentoirs et signalisation 3D form\u00e9s sous vide<\/li>\n    <\/ul>\n<\/div>\n\n\t\t<\/div>\n\t\t\t\t<\/div>\n\t\t\t\t<div class=\"elementor-element elementor-element-2d10e66 elementor-widget elementor-widget-heading\" data-id=\"2d10e66\" data-element_type=\"widget\" data-widget_type=\"heading.default\">\n\t\t\t\t<div class=\"elementor-widget-container\">\n\t\t\t<h2 class=\"elementor-heading-title elementor-size-default\">Solutions D'emballage<\/h2>\t\t<\/div>\n\t\t\t\t<\/div>\n\t\t\t\t<div class=\"elementor-element elementor-element-808ed3c creative_para elementor-widget elementor-widget-html\" data-id=\"808ed3c\" data-element_type=\"widget\" data-widget_type=\"html.default\">\n\t\t\t\t<div class=\"elementor-widget-container\">\n\t\t\t<div class=\"thermolist capitalize-txt\">\r\n<ul><li>Blisters thermoform\u00e9s transparents\r\n<\/li>\r\n<li>\r\nCoquilles thermoform\u00e9es transparentes\r\n<\/li>\r\n<\/ul>\r\n<\/div>\t\t<\/div>\n\t\t\t\t<\/div>\n\t\t\t\t\t<\/div>\n\t\t<\/div>\n\t\t\t\t<div class=\"elementor-column elementor-col-50 elementor-top-column elementor-element elementor-element-767fabd\" data-id=\"767fabd\" data-element_type=\"column\">\n\t\t\t<div class=\"elementor-widget-wrap elementor-element-populated\">\n\t\t\t\t\t\t\t\t<div class=\"elementor-element elementor-element-adf754a elementor-widget elementor-widget-image\" data-id=\"adf754a\" data-element_type=\"widget\" data-widget_type=\"image.default\">\n\t\t\t\t<div class=\"elementor-widget-container\">\n\t\t\t\t\t\t\t\t\t\t\t\t\t\t\t<img decoding=\"async\" width=\"585\" height=\"638\" src=\"https:\/\/creativeformplastics.com\/wp-content\/uploads\/2023\/05\/Packaging-Solutions-Include_image.png\" class=\"attachment-full size-full wp-image-572\" alt=\"\" srcset=\"https:\/\/creativeformplastics.com\/wp-content\/uploads\/2023\/05\/Packaging-Solutions-Include_image.png 585w, https:\/\/creativeformplastics.com\/wp-content\/uploads\/2023\/05\/Packaging-Solutions-Include_image-275x300.png 275w\" sizes=\"(max-width: 585px) 100vw, 585px\" \/>\t\t\t\t\t\t\t\t\t\t\t\t\t\t\t<\/div>\n\t\t\t\t<\/div>\n\t\t\t\t\t<\/div>\n\t\t<\/div>\n\t\t\t\t\t\t\t<\/div>\n\t\t<\/section>\n\t\t\t\t<section class=\"elementor-section elementor-top-section elementor-element elementor-element-c769ae4 elementor-section-boxed elementor-section-height-default elementor-section-height-default\" data-id=\"c769ae4\" data-element_type=\"section\">\n\t\t\t\t\t\t<div class=\"elementor-container elementor-column-gap-default\">\n\t\t\t\t\t<div class=\"elementor-column elementor-col-100 elementor-top-column elementor-element elementor-element-d72c6ce\" data-id=\"d72c6ce\" data-element_type=\"column\">\n\t\t\t<div class=\"elementor-widget-wrap elementor-element-populated\">\n\t\t\t\t\t\t\t\t<section class=\"elementor-section elementor-inner-section elementor-element elementor-element-f2c775c contact_us elementor-reverse-mobile elementor-section-boxed elementor-section-height-default elementor-section-height-default\" data-id=\"f2c775c\" data-element_type=\"section\" data-settings=\"{&quot;background_background&quot;:&quot;classic&quot;}\">\n\t\t\t\t\t\t<div class=\"elementor-container elementor-column-gap-default\">\n\t\t\t\t\t<div class=\"elementor-column elementor-col-50 elementor-inner-column elementor-element elementor-element-9ff7b77\" data-id=\"9ff7b77\" data-element_type=\"column\">\n\t\t\t<div class=\"elementor-widget-wrap elementor-element-populated\">\n\t\t\t\t\t\t\t\t<div class=\"elementor-element elementor-element-39c282a elementor-widget elementor-widget-html\" data-id=\"39c282a\" data-element_type=\"widget\" data-widget_type=\"html.default\">\n\t\t\t\t<div class=\"elementor-widget-container\">\n\t\t\t<h2 class=\"white-txt\"><span>Contactez-nous<\/span> pour donner<br class=\"desk-br\">Vous une citation.<\/h2>\n<h4 class=\"white-txt contact-box-txt\">Appelez ou envoyez-nous un e-mail et parlez-nous de vos besoins et de vos objectifs en mati\u00e8re de produits. Notre \u00e9quipe de vente et de conception se fera un plaisir de travailler avec vous pour s'assurer que vos besoins et vos attentes sont satisfaits.\n\n<\/h4>\t\t<\/div>\n\t\t\t\t<\/div>\n\t\t\t\t<div class=\"elementor-element elementor-element-d5670ee elementor-widget elementor-widget-button\" data-id=\"d5670ee\" data-element_type=\"widget\" data-widget_type=\"button.default\">\n\t\t\t\t<div class=\"elementor-widget-container\">\n\t\t\t\t\t<div class=\"elementor-button-wrapper\">\n\t\t\t<a class=\"elementor-button elementor-button-link elementor-size-sm\" href=\"\/fr\/Contactez-nous\">\n\t\t\t\t\t\t<span class=\"elementor-button-content-wrapper\">\n\t\t\t\t\t\t<span class=\"elementor-button-text\">Contactez-nous<\/span>\n\t\t<\/span>\n\t\t\t\t\t<\/a>\n\t\t<\/div>\n\t\t\t\t<\/div>\n\t\t\t\t<\/div>\n\t\t\t\t\t<\/div>\n\t\t<\/div>\n\t\t\t\t<div class=\"elementor-column elementor-col-50 elementor-inner-column elementor-element elementor-element-4e524f4\" data-id=\"4e524f4\" data-element_type=\"column\">\n\t\t\t<div class=\"elementor-widget-wrap elementor-element-populated\">\n\t\t\t\t\t\t\t\t<div class=\"elementor-element elementor-element-9038521 elementor-widget__width-initial elementor-widget elementor-widget-image\" data-id=\"9038521\" data-element_type=\"widget\" data-widget_type=\"image.default\">\n\t\t\t\t<div class=\"elementor-widget-container\">\n\t\t\t\t\t\t\t\t\t\t\t\t\t\t\t<img decoding=\"async\" width=\"412\" height=\"486\" src=\"https:\/\/creativeformplastics.com\/wp-content\/uploads\/2023\/06\/cfp-contact-img.png\" class=\"attachment-full size-full wp-image-5835\" alt=\"\" srcset=\"https:\/\/creativeformplastics.com\/wp-content\/uploads\/2023\/06\/cfp-contact-img.png 412w, https:\/\/creativeformplastics.com\/wp-content\/uploads\/2023\/06\/cfp-contact-img-254x300.png 254w\" sizes=\"(max-width: 412px) 100vw, 412px\" \/>\t\t\t\t\t\t\t\t\t\t\t\t\t\t\t<\/div>\n\t\t\t\t<\/div>\n\t\t\t\t\t<\/div>\n\t\t<\/div>\n\t\t\t\t\t\t\t<\/div>\n\t\t<\/section>\n\t\t\t\t\t<\/div>\n\t\t<\/div>\n\t\t\t\t\t\t\t<\/div>\n\t\t<\/section>\n\t\t\t\t\t\t\t<\/div>\n\t\t","protected":false},"excerpt":{"rendered":"<p>De Grand Produits Exigent de Superbes designs! Si votre produit n&#8217;attire pas les acheteurs, pourquoi seraient-ils oblig\u00e9s de l&#8217;acheter ? Contactez nous Pourquoi Nous? Nous offrons des solutions thermoform\u00e9es et fabriqu\u00e9es con\u00e7ues sur mesure avec une flexibilit\u00e9 de petites \u00e0 grandes s\u00e9ries de production avec des d\u00e9lais d&#8217;ex\u00e9cution rapides. Les faibles volumes ne sont pas &#8230; <a title=\"\u00c0 Propos\" class=\"read-more\" href=\"https:\/\/creativeformplastics.com\/fr\/a-propos\/\" aria-label=\"More on \u00c0 Propos\">Read more<\/a><\/p>\n","protected":false},"author":1,"featured_media":0,"parent":0,"menu_order":0,"comment_status":"closed","ping_status":"closed","template":"elementor_header_footer","meta":{"footnotes":""},"class_list":["post-3145","page","type-page","status-publish"],"yoast_head":"<!-- This site is optimized with the Yoast SEO Premium plugin v20.10 (Yoast SEO v20.10) - https:\/\/yoast.com\/wordpress\/plugins\/seo\/ -->\n<title>\u00c0 Propos - Creative Form Plastics<\/title>\n<meta name=\"robots\" content=\"index, follow, max-snippet:-1, max-image-preview:large, max-video-preview:-1\" \/>\n<link rel=\"canonical\" href=\"https:\/\/creativeformplastics.com\/fr\/a-propos\/\" \/>\n<meta property=\"og:locale\" content=\"fr_FR\" \/>\n<meta property=\"og:type\" content=\"article\" \/>\n<meta property=\"og:title\" content=\"\u00c0 Propos\" \/>\n<meta property=\"og:description\" content=\"De Grand Produits Exigent de Superbes designs! Si votre produit n&#8217;attire pas les acheteurs, pourquoi seraient-ils oblig\u00e9s de l&#8217;acheter ? Contactez nous Pourquoi Nous? Nous offrons des solutions thermoform\u00e9es et fabriqu\u00e9es con\u00e7ues sur mesure avec une flexibilit\u00e9 de petites \u00e0 grandes s\u00e9ries de production avec des d\u00e9lais d&#8217;ex\u00e9cution rapides. Les faibles volumes ne sont pas ... Read more\" \/>\n<meta property=\"og:url\" content=\"https:\/\/creativeformplastics.com\/fr\/a-propos\/\" \/>\n<meta property=\"og:site_name\" content=\"Creative Form Plastics\" \/>\n<meta property=\"article:modified_time\" content=\"2023-07-05T07:52:13+00:00\" \/>\n<meta property=\"og:image\" content=\"https:\/\/creativeformplastics.com\/wp-content\/uploads\/2023\/05\/Creative-form-plastics_frnewimg.png\" \/>\n<meta name=\"twitter:card\" content=\"summary_large_image\" \/>\n<meta name=\"twitter:label1\" content=\"Est. reading time\" \/>\n\t<meta name=\"twitter:data1\" content=\"1 minute\" \/>\n<script type=\"application\/ld+json\" class=\"yoast-schema-graph\">{\"@context\":\"https:\/\/schema.org\",\"@graph\":[{\"@type\":\"WebPage\",\"@id\":\"https:\/\/creativeformplastics.com\/fr\/a-propos\/\",\"url\":\"https:\/\/creativeformplastics.com\/fr\/a-propos\/\",\"name\":\"\u00c0 Propos - Creative Form Plastics\",\"isPartOf\":{\"@id\":\"https:\/\/creativeformplastics.com\/fr\/#website\"},\"datePublished\":\"2023-05-05T07:44:36+00:00\",\"dateModified\":\"2023-07-05T07:52:13+00:00\",\"breadcrumb\":{\"@id\":\"https:\/\/creativeformplastics.com\/fr\/a-propos\/#breadcrumb\"},\"inLanguage\":\"fr-FR\",\"potentialAction\":[{\"@type\":\"ReadAction\",\"target\":[\"https:\/\/creativeformplastics.com\/fr\/a-propos\/\"]}]},{\"@type\":\"BreadcrumbList\",\"@id\":\"https:\/\/creativeformplastics.com\/fr\/a-propos\/#breadcrumb\",\"itemListElement\":[{\"@type\":\"ListItem\",\"position\":1,\"name\":\"Home\",\"item\":\"https:\/\/creativeformplastics.com\/fr\/\"},{\"@type\":\"ListItem\",\"position\":2,\"name\":\"\u00c0 Propos\"}]},{\"@type\":\"WebSite\",\"@id\":\"https:\/\/creativeformplastics.com\/fr\/#website\",\"url\":\"https:\/\/creativeformplastics.com\/fr\/\",\"name\":\"Creative Form Plastics\",\"description\":\"\",\"publisher\":{\"@id\":\"https:\/\/creativeformplastics.com\/fr\/#organization\"},\"potentialAction\":[{\"@type\":\"SearchAction\",\"target\":{\"@type\":\"EntryPoint\",\"urlTemplate\":\"https:\/\/creativeformplastics.com\/fr\/?s={search_term_string}\"},\"query-input\":\"required name=search_term_string\"}],\"inLanguage\":\"fr-FR\"},{\"@type\":\"Organization\",\"@id\":\"https:\/\/creativeformplastics.com\/fr\/#organization\",\"name\":\"Creative Form Plastics\",\"url\":\"https:\/\/creativeformplastics.com\/fr\/\",\"logo\":{\"@type\":\"ImageObject\",\"inLanguage\":\"fr-FR\",\"@id\":\"https:\/\/creativeformplastics.com\/fr\/#\/schema\/logo\/image\/\",\"url\":\"https:\/\/creativeformplastics.com\/wp-content\/uploads\/2023\/05\/logo.png\",\"contentUrl\":\"https:\/\/creativeformplastics.com\/wp-content\/uploads\/2023\/05\/logo.png\",\"width\":347,\"height\":87,\"caption\":\"Creative Form Plastics\"},\"image\":{\"@id\":\"https:\/\/creativeformplastics.com\/fr\/#\/schema\/logo\/image\/\"}}]}<\/script>\n<!-- \/ Yoast SEO Premium plugin. -->","yoast_head_json":{"title":"\u00c0 Propos - Creative Form Plastics","robots":{"index":"index","follow":"follow","max-snippet":"max-snippet:-1","max-image-preview":"max-image-preview:large","max-video-preview":"max-video-preview:-1"},"canonical":"https:\/\/creativeformplastics.com\/fr\/a-propos\/","og_locale":"fr_FR","og_type":"article","og_title":"\u00c0 Propos","og_description":"De Grand Produits Exigent de Superbes designs! Si votre produit n&#8217;attire pas les acheteurs, pourquoi seraient-ils oblig\u00e9s de l&#8217;acheter ? Contactez nous Pourquoi Nous? Nous offrons des solutions thermoform\u00e9es et fabriqu\u00e9es con\u00e7ues sur mesure avec une flexibilit\u00e9 de petites \u00e0 grandes s\u00e9ries de production avec des d\u00e9lais d&#8217;ex\u00e9cution rapides. Les faibles volumes ne sont pas ... Read more","og_url":"https:\/\/creativeformplastics.com\/fr\/a-propos\/","og_site_name":"Creative Form Plastics","article_modified_time":"2023-07-05T07:52:13+00:00","og_image":[{"url":"https:\/\/creativeformplastics.com\/wp-content\/uploads\/2023\/05\/Creative-form-plastics_frnewimg.png"}],"twitter_card":"summary_large_image","twitter_misc":{"Est. reading time":"1 minute"},"schema":{"@context":"https:\/\/schema.org","@graph":[{"@type":"WebPage","@id":"https:\/\/creativeformplastics.com\/fr\/a-propos\/","url":"https:\/\/creativeformplastics.com\/fr\/a-propos\/","name":"\u00c0 Propos - Creative Form Plastics","isPartOf":{"@id":"https:\/\/creativeformplastics.com\/fr\/#website"},"datePublished":"2023-05-05T07:44:36+00:00","dateModified":"2023-07-05T07:52:13+00:00","breadcrumb":{"@id":"https:\/\/creativeformplastics.com\/fr\/a-propos\/#breadcrumb"},"inLanguage":"fr-FR","potentialAction":[{"@type":"ReadAction","target":["https:\/\/creativeformplastics.com\/fr\/a-propos\/"]}]},{"@type":"BreadcrumbList","@id":"https:\/\/creativeformplastics.com\/fr\/a-propos\/#breadcrumb","itemListElement":[{"@type":"ListItem","position":1,"name":"Home","item":"https:\/\/creativeformplastics.com\/fr\/"},{"@type":"ListItem","position":2,"name":"\u00c0 Propos"}]},{"@type":"WebSite","@id":"https:\/\/creativeformplastics.com\/fr\/#website","url":"https:\/\/creativeformplastics.com\/fr\/","name":"Creative Form Plastics","description":"","publisher":{"@id":"https:\/\/creativeformplastics.com\/fr\/#organization"},"potentialAction":[{"@type":"SearchAction","target":{"@type":"EntryPoint","urlTemplate":"https:\/\/creativeformplastics.com\/fr\/?s={search_term_string}"},"query-input":"required name=search_term_string"}],"inLanguage":"fr-FR"},{"@type":"Organization","@id":"https:\/\/creativeformplastics.com\/fr\/#organization","name":"Creative Form Plastics","url":"https:\/\/creativeformplastics.com\/fr\/","logo":{"@type":"ImageObject","inLanguage":"fr-FR","@id":"https:\/\/creativeformplastics.com\/fr\/#\/schema\/logo\/image\/","url":"https:\/\/creativeformplastics.com\/wp-content\/uploads\/2023\/05\/logo.png","contentUrl":"https:\/\/creativeformplastics.com\/wp-content\/uploads\/2023\/05\/logo.png","width":347,"height":87,"caption":"Creative Form Plastics"},"image":{"@id":"https:\/\/creativeformplastics.com\/fr\/#\/schema\/logo\/image\/"}}]}},"_links":{"self":[{"href":"https:\/\/creativeformplastics.com\/fr\/wp-json\/wp\/v2\/pages\/3145","targetHints":{"allow":["GET"]}}],"collection":[{"href":"https:\/\/creativeformplastics.com\/fr\/wp-json\/wp\/v2\/pages"}],"about":[{"href":"https:\/\/creativeformplastics.com\/fr\/wp-json\/wp\/v2\/types\/page"}],"author":[{"embeddable":true,"href":"https:\/\/creativeformplastics.com\/fr\/wp-json\/wp\/v2\/users\/1"}],"replies":[{"embeddable":true,"href":"https:\/\/creativeformplastics.com\/fr\/wp-json\/wp\/v2\/comments?post=3145"}],"version-history":[{"count":128,"href":"https:\/\/creativeformplastics.com\/fr\/wp-json\/wp\/v2\/pages\/3145\/revisions"}],"predecessor-version":[{"id":6024,"href":"https:\/\/creativeformplastics.com\/fr\/wp-json\/wp\/v2\/pages\/3145\/revisions\/6024"}],"wp:attachment":[{"href":"https:\/\/creativeformplastics.com\/fr\/wp-json\/wp\/v2\/media?parent=3145"}],"curies":[{"name":"wp","href":"https:\/\/api.w.org\/{rel}","templated":true}]}}